 
{"id":89,"date":"2022-05-10T20:05:41","date_gmt":"2022-05-10T18:05:41","guid":{"rendered":"https:\/\/zpe.uni-siegen.de\/unbrk-kommunal\/?page_id=89"},"modified":"2026-01-01T19:54:40","modified_gmt":"2026-01-01T18:54:40","slug":"veroeffentlichungen","status":"publish","type":"page","link":"https:\/\/zpe.uni-siegen.de\/unbrk-kommunal\/veroeffentlichungen\/","title":{"rendered":"Ver\u00f6ffentlichungen"},"content":{"rendered":"\n<p>Hier findet sich eine Auswahl von Literatur, die im thematischen Zusammenhang mit dem Projekt steht.<\/p>\n\n\n\n<p>Literatur in Leichter Sprache finden Sie <a href=\"https:\/\/zpe.uni-siegen.de\/unbrk-kommunal\/texte-in-leichter-sprache\/\">hier<\/a>. <\/p>\n\n\n\n<p style=\"font-size:18px\"><strong>Publikationen <\/strong><\/p>\n\n\n\n<p><strong>Ver\u00f6ffentlichungen aus dem Projekt<\/strong><\/p>\n\n\n<div id=\"pl-gb89-69d85587ea740\"  class=\"panel-layout\" ><div id=\"pg-gb89-69d85587ea740-0\"  class=\"panel-grid panel-no-style\" ><div id=\"pgc-gb89-69d85587ea740-0-0\"  class=\"panel-grid-cell\" ><div id=\"panel-gb89-69d85587ea740-0-0-0\" class=\"so-panel widget widget_text panel-first-child panel-last-child\" data-index=\"0\" >\t\t\t<div class=\"textwidget\"><ul>\n<li>Kempf, Matthias; Rohrmann, Albrecht; (2025). Auswertung der Abschlussbefragung. Vierter Bericht zum Forschungsprojekt \u201eUN-Behindertenrechtskonvention in den Kommunen\u201c, Siegen. Online verf\u00fcgbar unter\u00a0<a href=\"https:\/\/zpe.uni-siegen.de\/unbrk-kommunal\/wp-content\/uploads\/sites\/2\/2026\/01\/Bericht-Abschlussbefragung.pdf\">https:\/\/zpe.uni-siegen.de\/unbrk-kommunal\/wp-content\/uploads\/sites\/2\/2026\/01\/Bericht-Abschlussbefragung.pdf<\/a> , zuletzt gepr\u00fcft am 01.01.2026<\/li>\n<\/ul>\n<\/div>\n\t\t<\/div><\/div><\/div><div id=\"pg-gb89-69d85587ea740-1\"  class=\"panel-grid panel-no-style\" ><div id=\"pgc-gb89-69d85587ea740-1-0\"  class=\"panel-grid-cell\" ><div id=\"panel-gb89-69d85587ea740-1-0-0\" class=\"so-panel widget widget_text panel-first-child panel-last-child\" data-index=\"1\" >\t\t\t<div class=\"textwidget\"><ul>\n<li>Kempf, Matthias; Rohrmann, Albrecht; Althaus, Luzie (2025). Auswertung der Fokusgruppengespr\u00e4che. Dritter Bericht zum Forschungsprojekt \u201aUN-Behindertenrechtskonvention in den Kommunen\u2018, Siegen. Online verf\u00fcgbar unter <a href=\"https:\/\/zpe.uni-siegen.de\/unbrk-kommunal\/wp-content\/uploads\/sites\/2\/2025\/09\/Dritter-Bericht-zum-Forschungsprojekt-UN-BRK-in-den-Kommunen_barrierefrei.pdf\">https:\/\/zpe.uni-siegen.de\/unbrk-kommunal\/wp-content\/uploads\/sites\/2\/2025\/09\/Dritter-Bericht-zum-Forschungsprojekt-UN-BRK-in-den-Kommunen_barrierefrei.pdf<\/a> , zuletzt gepr\u00fcft am 25.09.2025.<\/li>\n<\/ul>\n<\/div>\n\t\t<\/div><\/div><\/div><div id=\"pg-gb89-69d85587ea740-2\"  class=\"panel-grid panel-no-style\" ><div id=\"pgc-gb89-69d85587ea740-2-0\"  class=\"panel-grid-cell\" ><div id=\"panel-gb89-69d85587ea740-2-0-0\" class=\"so-panel widget widget_text panel-first-child panel-last-child\" data-index=\"2\" >\t\t\t<div class=\"textwidget\"><ul>\n<li>Zentrum f\u00fcr Planung und Entwicklung Sozialer Dienste und Deutsches Institut f\u00fcr Menschenrechte, Monitoring-Stelle UN-Behindertenrechtskonvention (2025). F\u00f6rderliche Faktoren und Stolpersteine kommunaler Planung zur Umsetzung der UN-BRK. Siegen\/Berlin. Online verf\u00fcgbar unter <a href=\"https:\/\/www.institut-fuer-menschenrechte.de\/fileadmin\/Redaktion\/PDF\/UN-BRK_kommunal\/Foerderliche_Faktoren_und_Stolpersteine_kommunaler_Planung_zur_Umsetzung_der_UN-BRK.pdf\">https:\/\/www.institut-fuer-menschenrechte.de\/fileadmin\/Redaktion\/PDF\/UN-BRK_kommunal\/Foerderliche_Faktoren_und_Stolpersteine_kommunaler_Planung_zur_Umsetzung_der_UN-BRK.pdf<\/a> , zuletzt gepr\u00fcft am 07.08.2025.<\/li>\n<\/ul>\n<\/div>\n\t\t<\/div><\/div><\/div><div id=\"pg-gb89-69d85587ea740-3\"  class=\"panel-grid panel-no-style\" ><div id=\"pgc-gb89-69d85587ea740-3-0\"  class=\"panel-grid-cell\" ><div id=\"panel-gb89-69d85587ea740-3-0-0\" class=\"so-panel widget widget_text panel-first-child panel-last-child\" data-index=\"3\" >\t\t\t<div class=\"textwidget\"><ul>\n<li>Bertelmann, Lena; Butschkau, Malin; Kempf, Matthias &amp; Rohrmann, Albrecht (2025). Die Verbreitung von Planungsprozessen zur Umsetzung der UN-BRK in den Kommunen. Brosch\u00fcre zur Verbreitung systematischer Planungsprozesse in den Kommunen in Deutschland [Brosch\u00fcre]. Siegen. Online verf\u00fcgbar unter <a href=\"https:\/\/zpe.uni-siegen.de\/unbrk-kommunal\/wp-content\/uploads\/sites\/2\/2025\/06\/Broschuere_UN-BRK-kommunal_Stand-Juni-2025.pdf\">https:\/\/zpe.uni-siegen.de\/unbrk-kommunal\/wp-content\/uploads\/sites\/2\/2025\/06\/Broschuere_UN-BRK-kommunal_Stand-Juni-2025.pdf<\/a> , zuletzt gepr\u00fcft am 18.06.2025.<\/li>\n<\/ul>\n<\/div>\n\t\t<\/div><\/div><\/div><div id=\"pg-gb89-69d85587ea740-4\"  class=\"panel-grid panel-no-style\" ><div id=\"pgc-gb89-69d85587ea740-4-0\"  class=\"panel-grid-cell\" ><div id=\"panel-gb89-69d85587ea740-4-0-0\" class=\"so-panel widget widget_text panel-first-child panel-last-child\" data-index=\"4\" >\t\t\t<div class=\"textwidget\"><ul>\n<li>Bertelmann, Lena; Butschkau, Malin; Kempf, Matthias &amp; Rohrmann, Albrecht (2025). Vertiefende Untersuchungen von systematischen Planungsaktivit\u00e4ten zur Umsetzung der UN-BRK in Kommunen. Zweiter Zwischenbericht zum Forschungsprojekt \u201aUN-Behindertenrechtskonvention in den Kommunen\u2018 (05\/2025). Siegen. Online verf\u00fcgbar unter <a href=\"https:\/\/zpe.uni-siegen.de\/unbrk-kommunal\/wp-content\/uploads\/sites\/2\/2025\/05\/Zweiter_Zwischenbericht_UN-BRK-kommunal.pdf\">https:\/\/zpe.uni-siegen.de\/unbrk-kommunal\/wp-content\/uploads\/sites\/2\/2025\/05\/Zweiter_Zwischenbericht_UN-BRK-kommunal.pdf<\/a> , zuletzt gepr\u00fcft am 16.05.2025.<\/li>\n<\/ul>\n<\/div>\n\t\t<\/div><\/div><\/div><div id=\"pg-gb89-69d85587ea740-5\"  class=\"panel-grid panel-no-style\" ><div id=\"pgc-gb89-69d85587ea740-5-0\"  class=\"panel-grid-cell\" ><div id=\"panel-gb89-69d85587ea740-5-0-0\" class=\"so-panel widget widget_text panel-first-child panel-last-child\" data-index=\"5\" >\t\t\t<div class=\"textwidget\"><ul>\n<li>Bertelmann, Lena; Butschkau, Malin; Kempf, Matthias &amp; Rohrmann, Albrecht (2025): Systematische Planungsaktivit\u00e4ten zur Umsetzung der UN-Behindertenrechtskonvention auf kommunaler Ebene. Entwicklungsprozesse mit Lernpotenzial. In: Nachrichtendienst des Deutschen Vereins 105 (5), S. 199\u2013204.<\/li>\n<\/ul>\n<\/div>\n\t\t<\/div><\/div><\/div><div id=\"pg-gb89-69d85587ea740-6\"  class=\"panel-grid panel-no-style\" ><div id=\"pgc-gb89-69d85587ea740-6-0\"  class=\"panel-grid-cell\" ><div id=\"panel-gb89-69d85587ea740-6-0-0\" class=\"so-panel widget widget_text panel-first-child panel-last-child\" data-index=\"6\" >\t\t\t<div class=\"textwidget\"><ul>\n<li>Bertelmann, Lena; Butschkau, Malin; Kempf, Matthias &amp; Rohrmann, Albrecht (2024). Die Verbreitung systematischer Planungsaktivit\u00e4ten zur Umsetzung der<br \/>\nUN-Behindertenrechtskonvention in den Kommunen. Erster Zwischenbericht zum Forschungsprojekt \u201aUN-Behindertenrechtskonvention in den Kommunen\u2018 (04\/2024). Siegen. Online verf\u00fcgbar unter\u00a0<a href=\"https:\/\/zpe.uni-siegen.de\/unbrk-kommunal\/wp-content\/uploads\/sites\/2\/2024\/04\/Zwischenbericht_UNBRK-kommunal.pdf\">https:\/\/zpe.uni-siegen.de\/unbrk-kommunal\/wp-content\/uploads\/sites\/2\/2024\/04\/Zwischenbericht_UNBRK-kommunal.pdf<\/a> , zuletzt gepr\u00fcft am 22.04.2024.<\/li>\n<\/ul>\n<\/div>\n\t\t<\/div><\/div><\/div><div id=\"pg-gb89-69d85587ea740-7\"  class=\"panel-grid panel-no-style\" ><div id=\"pgc-gb89-69d85587ea740-7-0\"  class=\"panel-grid-cell\" ><div id=\"panel-gb89-69d85587ea740-7-0-0\" class=\"so-panel widget widget_text panel-first-child panel-last-child\" data-index=\"7\" >\t\t\t<div class=\"textwidget\"><ul>\n<li>Butschkau, Malin (2024): Wie lassen sich kommunale Planungsprozesse empirisch erfassen? \u2013 Die Eignung der<br \/>\nOnline-Recherche als Methode. In: Zentrum f\u00fcr Planung und Entwicklung Sozialer Dienste (Hg.): Bericht aus<br \/>\nder Arbeit des Zentrums f\u00fcr Planung und Entwicklung Sozialer Dienste (ZPE). 2022\/2023. Siegen: Eigenverlag. S. 48\u201356. Online verf\u00fcgbar unter <a href=\"https:\/\/zpe.uni-siegen.de\/wp-content\/uploads\/2024\/01\/2024-01-08-ZPE-Bericht_2022_23.pdf#page=49\">https:\/\/zpe.uni-siegen.de\/wp-content\/uploads\/2024\/01\/2024-01-08-ZPE-Bericht_2022_23.pdf#page=49<\/a> , zuletzt gepr\u00fcft am 24.04.2024.<\/li>\n<\/ul>\n<\/div>\n\t\t<\/div><\/div><\/div><div id=\"pg-gb89-69d85587ea740-8\"  class=\"panel-grid panel-no-style\" ><div id=\"pgc-gb89-69d85587ea740-8-0\"  class=\"panel-grid-cell\" ><div id=\"panel-gb89-69d85587ea740-8-0-0\" class=\"so-panel widget widget_text panel-first-child panel-last-child\" data-index=\"8\" >\t\t\t<div class=\"textwidget\"><ul>\n<li>Deutsches Institut f\u00fcr Menschenrechte, Monitoring-Stelle UN-Behindertenrechtskonvention (2024): \u201eUN-BRK kommunal\u201c Zur Wirkung der UN-Behindertenrechtskonvention in den Kommunen. Berlin. Online verf\u00fcgbar unter\u00a0<a href=\"https:\/\/www.institut-fuer-menschenrechte.de\/fileadmin\/Redaktion\/Publikationen\/Stellungnahmen\/Rechtsgutachten_UN-BRK_kommunal.pdf\">https:\/\/www.institut-fuer-menschenrechte.de\/fileadmin\/Redaktion\/Publikationen\/Stellungnahmen\/Rechtsgutachten_UN-BRK_kommunal.pdf<\/a> , zuletzt gepr\u00fcft am 22.04.2024.<\/li>\n<\/ul>\n<\/div>\n\t\t<\/div><\/div><\/div><\/div>\n\n\n<p><strong>Inklusives Gemeinwesen und (Teilhabe-)Planung<\/strong><\/p>\n\n\n\n<div class=\"wp-block-columns is-layout-flex wp-container-core-columns-is-layout-9d6595d7 wp-block-columns-is-layout-flex\">\n<div class=\"wp-block-column is-layout-flow wp-block-column-is-layout-flow\" style=\"flex-basis:100%\"><div id=\"pl-gb89-69d85587eb482\"  class=\"panel-layout wp-block-siteorigin-panels-layout-block panel-layout\" ><div id=\"pg-gb89-69d85587eb482-0\"  class=\"panel-grid panel-no-style\" ><div id=\"pgc-gb89-69d85587eb482-0-0\"  class=\"panel-grid-cell\" ><div id=\"panel-gb89-69d85587eb482-0-0-0\" class=\"so-panel widget widget_text panel-first-child panel-last-child\" data-index=\"0\" >\t\t\t<div class=\"textwidget\"><ul>\n<li>Rohrmann, Albrecht &amp; Sch\u00e4dler, Johannes (2025). Kommunale Politik im Kontext von Behinderung. In A. Brettschneider, S. Grohs &amp; N. Jehles (Hrsg.), Handbuch Kommunale Sozialpolitik (S. 1\u201317). Springer VS. Online verf\u00fcgbar unter <a href=\"https:\/\/doi.org\/10.1007\/978-3-658-38616-0_56-1\">https:\/\/doi.org\/10.1007\/978-3-658-38616-0_56-1<\/a> , zuletzt gepr\u00fcft am 13.11.2024.<\/li>\n<\/ul>\n<\/div>\n\t\t<\/div><\/div><\/div><div id=\"pg-gb89-69d85587eb482-1\"  class=\"panel-grid panel-no-style\" ><div id=\"pgc-gb89-69d85587eb482-1-0\"  class=\"panel-grid-cell\" ><div id=\"panel-gb89-69d85587eb482-1-0-0\" class=\"so-panel widget widget_text panel-first-child panel-last-child\" data-index=\"1\" >\t\t\t<div class=\"textwidget\"><ul>\n<li>Meier, Sabine; Bertelmann, Lena; Wissenbach, Lars (Hg.) (2024): Inclusive Localities. Perspectives on Local Social Policies and Practices. Leverkusen: Verlag Barbara Budrich. Online verf\u00fcgbar unter\u00a0<a href=\"https:\/\/elibrary.utb.de\/doi\/epdf\/10.3224\/9783847419549\">https:\/\/elibrary.utb.de\/doi\/epdf\/10.3224\/9783847419549<\/a> , zuletzt gepr\u00fcft am 08.04.2024.<\/li>\n<\/ul>\n<\/div>\n\t\t<\/div><\/div><\/div><div id=\"pg-gb89-69d85587eb482-2\"  class=\"panel-grid panel-no-style\" ><div id=\"pgc-gb89-69d85587eb482-2-0\"  class=\"panel-grid-cell\" ><div id=\"panel-gb89-69d85587eb482-2-0-0\" class=\"so-panel widget widget_text panel-first-child panel-last-child\" data-index=\"2\" >\t\t\t<div class=\"textwidget\"><ul>\n<li>Rohrmann, Albrecht (2023): Von der Behindertenhilfeplanung zu einer Inklusionsplanung. Konzeptionelle Reflexionen. In: Gunther Gra\u00dfhoff, Florian Hinken, Koralia Sekler und Benjamin Strahl (Hg.): Kinder- und Jugendhilfeplanung inklusiv. Planung und Gestaltung von Angeboten der Kinder- und Jugendhilfe f\u00fcr und mit alle(n). Hannover: AFET.<\/li>\n<\/ul>\n<\/div>\n\t\t<\/div><\/div><\/div><div id=\"pg-gb89-69d85587eb482-3\"  class=\"panel-grid panel-no-style\" ><div id=\"pgc-gb89-69d85587eb482-3-0\"  class=\"panel-grid-cell\" ><div id=\"panel-gb89-69d85587eb482-3-0-0\" class=\"so-panel widget widget_text panel-first-child panel-last-child\" data-index=\"3\" >\t\t\t<div class=\"textwidget\"><ul>\n<li>Bertelmann, Lena (2022). Aktivit\u00e4ten und Planungen zur Umsetzung der UN-Behindertenrechtskonvention unter kommunaler Federf\u00fchrung \u2013 Hauptverantwortliche in der Kommunalverwaltung als Zentrum des partizipativen Geschehens. <em>Nachrichtendienst des Deutschen Vereins (NDV), 10 <\/em>(2022), 486-493.<\/li>\n<\/ul>\n<\/div>\n\t\t<\/div><\/div><\/div><div id=\"pg-gb89-69d85587eb482-4\"  class=\"panel-grid panel-no-style\" ><div id=\"pgc-gb89-69d85587eb482-4-0\"  class=\"panel-grid-cell\" ><div id=\"panel-gb89-69d85587eb482-4-0-0\" class=\"so-panel widget widget_text panel-first-child panel-last-child\" data-index=\"4\" >\t\t\t<div class=\"textwidget\"><ul>\n<li>Bertelmann, Lena; Konieczny, Eva (2022): Aus der inklusionsorientierten Verwaltung ins inklusive Gemeinwesen \u2013 M\u00f6glichkeiten und Herausforderungen der Vermittlung mit dem Ziel der vollen und wirksamen Teilhabe und Partizipation. In: L. Bertelmann et al. (Hrsg.): Planung und Entwicklung von Sozialen Diensten f\u00fcr Menschen mit Behinderungen. ZPE-Schriftenreihe 57. Siegen: Universit\u00e4t. S. 201-223. Online verf\u00fcgbar unter <a href=\"https:\/\/dspace.ub.uni-siegen.de\/bitstream\/ubsi\/2302\/3\/ZPE%20_57_Planung_Entwicklung.pdf#page=202\">https:\/\/dspace.ub.uni-siegen.de\/bitstream\/ubsi\/2302\/3\/ZPE%20_57_Planung_Entwicklung.pdf#page=202<\/a> , zuletzt gepr\u00fcft am 23.04.2024.<\/li>\n<\/ul>\n<\/div>\n\t\t<\/div><\/div><\/div><div id=\"pg-gb89-69d85587eb482-5\"  class=\"panel-grid panel-no-style\" ><div id=\"pgc-gb89-69d85587eb482-5-0\"  class=\"panel-grid-cell\" ><div id=\"panel-gb89-69d85587eb482-5-0-0\" class=\"so-panel widget widget_text panel-first-child panel-last-child\" data-index=\"5\" >\t\t\t<div class=\"textwidget\"><ul>\n<li>Kempf, Matthias (2022): Entwicklung des kommunalen Teilhabeplanungsansatzes am Zentrum f\u00fcr Planung und Entwicklung Sozialer Dienste (ZPE) der Universit\u00e4t Siegen. In: Bertelmann, L.; Kempf, M.; Reichstein, M.; Rohrmann, A.; &amp; Wissenbach, L. (Hrsg.): Planung und Entwicklung von Sozialen Diensten f\u00fcr Menschen mit Behinderungen. ZPE-Schriftenreihe 57. Siegen, S. 163- 186.<\/li>\n<\/ul>\n<\/div>\n\t\t<\/div><\/div><\/div><div id=\"pg-gb89-69d85587eb482-6\"  class=\"panel-grid panel-no-style\" ><div id=\"pgc-gb89-69d85587eb482-6-0\"  class=\"panel-grid-cell\" ><div id=\"panel-gb89-69d85587eb482-6-0-0\" class=\"so-panel widget widget_text panel-first-child panel-last-child\" data-index=\"6\" >\t\t\t<div class=\"textwidget\"><ul>\n<li>Kempf, Matthias; Rohrmann, Albrecht (2022): Die Bedeutung der Kommunen f\u00fcr die Teilhabeforschung. In: Wansing, Gudrun\/Sch\u00e4fers, Markus\/K\u00f6bsell, Swantje (Hrsg.): Teilhabeforschung \u2013 Konturen eines neuen Forschungsfeldes. Springer eBook Collection. Wiesbaden: Springer Fachmedien Wiesbaden; Imprint Springer VS, S.\u00a0421\u2013435.<\/li>\n<\/ul>\n<\/div>\n\t\t<\/div><\/div><\/div><div id=\"pg-gb89-69d85587eb482-7\"  class=\"panel-grid panel-no-style\" ><div id=\"pgc-gb89-69d85587eb482-7-0\"  class=\"panel-grid-cell\" ><div id=\"panel-gb89-69d85587eb482-7-0-0\" class=\"so-panel widget widget_text panel-first-child panel-last-child\" data-index=\"7\" >\t\t\t<div class=\"textwidget\"><ul>\n<li>Rohrmann, Albrecht (2022): Inklusion und kommunale Planung. In: Oliver Koenig (Hg.): Inklusion und Transformation in Organisationen. Bad Heilbrunn: Klinkhardt, S. 246\u2013258.<\/li>\n<\/ul>\n<\/div>\n\t\t<\/div><\/div><\/div><div id=\"pg-gb89-69d85587eb482-8\"  class=\"panel-grid panel-no-style\" ><div id=\"pgc-gb89-69d85587eb482-8-0\"  class=\"panel-grid-cell\" ><div id=\"panel-gb89-69d85587eb482-8-0-0\" class=\"so-panel widget widget_text panel-first-child panel-last-child\" data-index=\"8\" >\t\t\t<div class=\"textwidget\"><ul>\n<li>Rohrmann, Albrecht (2019): Kommunale Teilhabeplanung. socialnet Lexikon. Bonn. Online verf\u00fcgbar unter <a href=\"https:\/\/www.socialnet.de\/lexikon\/Kommunale-Teilhabeplanung\">https:\/\/www.socialnet.de\/lexikon\/Kommunale-Teilhabeplanung<\/a> , zuletzt gepr\u00fcft am 30.01.2022.<\/li>\n<\/ul>\n<\/div>\n\t\t<\/div><\/div><\/div><div id=\"pg-gb89-69d85587eb482-9\"  class=\"panel-grid panel-no-style\" ><div id=\"pgc-gb89-69d85587eb482-9-0\"  class=\"panel-grid-cell\" ><div id=\"panel-gb89-69d85587eb482-9-0-0\" class=\"so-panel widget widget_text panel-first-child panel-last-child\" data-index=\"9\" >\t\t\t<div class=\"textwidget\"><ul>\n<li>Rohrmann, Albrecht; Sch\u00e4dler, Johannes; Kempf, Matthias; Konieczny, Eva; Windisch, Marcus (2014): Inklusive Gemeinwesen Planen. Eine Arbeitshilfe. Hg. v. Ministerium f\u00fcr Arbeit, Integration und Soziales des Landes Nordrhein-Westfalen (MAIS). D\u00fcsseldorf. Online verf\u00fcgbar unter <a href=\"https:\/\/zpe.uni-siegen.de\/wp-content\/uploads\/2022\/04\/inklusive_gemeinwesen_planen_final.pdf\">https:\/\/zpe.uni-siegen.de\/wp-content\/uploads\/2022\/04\/inklusive_gemeinwesen_planen_final.pdf<\/a> , zuletzt gepr\u00fcft am 18.05.2023.<\/li>\n<\/ul>\n<\/div>\n\t\t<\/div><\/div><\/div><div id=\"pg-gb89-69d85587eb482-10\"  class=\"panel-grid panel-no-style\" ><div id=\"pgc-gb89-69d85587eb482-10-0\"  class=\"panel-grid-cell\" ><div id=\"panel-gb89-69d85587eb482-10-0-0\" class=\"so-panel widget widget_text panel-first-child panel-last-child\" data-index=\"10\" >\t\t\t<div class=\"textwidget\"><ul>\n<li>Lampke, Dorothea; Rohrmann, Albrecht; Sch\u00e4dler, Johannes (Hg.) (2011): \u00d6rtliche Teilhabeplanung mit und f\u00fcr Menschen mit Behinderungen: Theorie und Praxis. Wiesbaden: VS Verlag f\u00fcr Sozialwissenschaften; Springer Fachmedien Wiesbaden.<\/li>\n<\/ul>\n<\/div>\n\t\t<\/div><\/div><\/div><\/div><\/div>\n<\/div>\n\n\n\n<p><strong>Aktions- und Ma\u00dfnahmenpl\u00e4ne zur Umsetzung der UN-Behindertenrechtskonvention<\/strong><\/p>\n\n\n<div id=\"pl-gb89-69d85587ebec5\"  class=\"panel-layout wp-block-siteorigin-panels-layout-block panel-layout\" ><div id=\"pg-gb89-69d85587ebec5-0\"  class=\"panel-grid panel-no-style\" ><div id=\"pgc-gb89-69d85587ebec5-0-0\"  class=\"panel-grid-cell\" ><div id=\"panel-gb89-69d85587ebec5-0-0-0\" class=\"so-panel widget widget_text panel-first-child panel-last-child\" data-index=\"0\" >\t\t\t<div class=\"textwidget\"><ul>\n<li>Kurbjeweit, Frieder (2024 ): Aktionspl\u00e4ne zur Umsetzung der UN-Behindertenrechtskonvention auf Landesebene. Entwicklung, Umsetzung und Fortschreibung aus menschenrechtlicher Perspektive. Berlin: Deutsches Institut f\u00fcr Menschenrechte. Online verf\u00fcgbar unter\u00a0<a href=\"https:\/\/www.institut-fuer-menschenrechte.de\/publikationen\/detail\/aktionsplaene-zur-umsetzung-der-un-behindertenrechtskonvention-auf-landesebene\">https:\/\/www.institut-fuer-menschenrechte.de\/publikationen\/detail\/aktionsplaene-zur-umsetzung-der-un-behindertenrechtskonvention-auf-landesebene<\/a> , zuletzt gepr\u00fcft am 31.10.2024.<\/li>\n<\/ul>\n<\/div>\n\t\t<\/div><\/div><\/div><div id=\"pg-gb89-69d85587ebec5-1\"  class=\"panel-grid panel-no-style\" ><div id=\"pgc-gb89-69d85587ebec5-1-0\"  class=\"panel-grid-cell\" ><div id=\"panel-gb89-69d85587ebec5-1-0-0\" class=\"so-panel widget widget_text panel-first-child panel-last-child\" data-index=\"1\" >\t\t\t<div class=\"textwidget\"><ul>\n<li>Monitoringstelle (2021): Empfehlungen zur Umsetzung der UN-Behindertenrechtskonvention in der 20. Wahlperiode (2021-2025). Online verf\u00fcgbar unter <a href=\"https:\/\/www.institut-fuer-menschenrechte.de\/fileadmin\/Redaktion\/PDF\/Sonstiges\/Eckpunkte_Bundestagswahl_2021_MST_UN-BRK_211004_ub2.pdf\"><u>https:\/\/www.institut-fuer-menschenrechte.de\/fileadmin\/Redaktion\/PDF\/Sonstiges\/Eckpunkte_Bundestagswahl_2021_MST_UN-BRK_211004_ub2.pdf<\/u><\/a> , zuletzt gepr\u00fcft am 27.05.2024.<\/li>\n<\/ul>\n<\/div>\n\t\t<\/div><\/div><\/div><div id=\"pg-gb89-69d85587ebec5-2\"  class=\"panel-grid panel-no-style\" ><div id=\"pgc-gb89-69d85587ebec5-2-0\"  class=\"panel-grid-cell\" ><div id=\"panel-gb89-69d85587ebec5-2-0-0\" class=\"so-panel widget widget_text panel-first-child panel-last-child\" data-index=\"2\" >\t\t\t<div class=\"textwidget\"><ul>\n<li>Aichele; Valentin; Litschke, Peter; Striek, Judith; Vief, Nils (2020): Zukunftspotenzial entfalten. Die Aktionspl\u00e4ne der L\u00e4nder zur UN-Behindertenrechtskonvention. Hg. v. Deutsches Institut f\u00fcr Menschenrechte. Berlin. Online verf\u00fcgbar unter <a href=\"https:\/\/www.institut-fuer-menschenrechte.de\/fileadmin\/Redaktion\/Publikationen\/Analyse_Studie\/Analyse_Zukunftspotenzial_entfalten_bf.pdf\"><u>https:\/\/www.institut-fuer-menschenrech<\/u><u>te.de\/fileadmin\/Redaktion\/Publikationen\/Analyse_Studie\/Analyse_Zukunftspotenzial_entfalten_bf.pdf<\/u><\/a> , zuletzt gepr\u00fcft am 18.05.2023.<\/li>\n<\/ul>\n<\/div>\n\t\t<\/div><\/div><\/div><div id=\"pg-gb89-69d85587ebec5-3\"  class=\"panel-grid panel-no-style\" ><div id=\"pgc-gb89-69d85587ebec5-3-0\"  class=\"panel-grid-cell\" ><div id=\"panel-gb89-69d85587ebec5-3-0-0\" class=\"so-panel widget widget_text panel-first-child panel-last-child\" data-index=\"3\" >\t\t\t<div class=\"textwidget\"><ul>\n<li>Monitoring-Stelle UN-Behindertenrechtskonvention (2019): Menschenrechtliche Aktions- und Ma\u00dfnahmenpl\u00e4ne. Handreichung f\u00fcr Anwender_innen aus Verwaltung und Zivilgesellschaft. Hg. v. Deutsches Institut f\u00fcr Menschenrechte. Berlin. Online verf\u00fcgbar unter <a href=\"https:\/\/www.institut-fuer-menschenrechte.de\/fileadmin\/Redaktion\/Publikationen\/MSt_UN-BRK_2019_Handreichung_Aktionsplaene.pdf\"><u>https:\/\/www.institut-fuer-menschenrechte.de\/fileadmin\/Redaktion\/Publikationen\/MSt_UN-BRK_2019_Handreichung_Aktionsplaene.pdf<\/u><\/a>, zuletzt gepr\u00fcft am 22.12.2022.<\/li>\n<\/ul>\n<\/div>\n\t\t<\/div><\/div><\/div><div id=\"pg-gb89-69d85587ebec5-4\"  class=\"panel-grid panel-no-style\" ><div id=\"pgc-gb89-69d85587ebec5-4-0\"  class=\"panel-grid-cell\" ><div id=\"panel-gb89-69d85587ebec5-4-0-0\" class=\"so-panel widget widget_text panel-first-child panel-last-child\" data-index=\"4\" >\t\t\t<div class=\"textwidget\"><ul>\n<li>Palleit, Leander (2010): Aktionspl\u00e4ne zur Umsetzung der UN-Behindertenrechtskonvention. Hg. v. Deutsches Institut f\u00fcr Menschenrechte. Berlin (Positionen &#8211; Monitoring Stelle zur UN-Behindertenrechtskonvention, 2). Online verf\u00fcgbar unter <a href=\"https:\/\/www.institut-fuer-menschenrechte.de\/fileadmin\/Redaktion\/Publikationen\/positionen_nr_2_aktionsplaene_zur_umsetzung_der_un_behindertenrechtskonvention_01.pdf\">https:\/\/www.institut-fuer-menschenrech-te.de\/fileadmin\/Redaktion\/Publikationen\/positionen_nr_2_aktionsplaene_zur_umsetzung_der_un_behindertenrechtskonvention_01.pdf<\/a>, zuletzt gepr\u00fcft am 30.01.2022.<\/li>\n<\/ul>\n<\/div>\n\t\t<\/div><\/div><\/div><\/div>\n\n\n<p><\/p>\n\n\n\n<p><\/p>\n\n\n\n<p><\/p>\n","protected":false},"excerpt":{"rendered":"<p>Hier findet sich eine Auswahl von Literatur, die im thematischen Zusammenhang mit dem Projekt steht. Literatur in Leichter Sprache finden Sie hier. Publikationen Ver\u00f6ffentlichungen aus dem Projekt Inklusives Gemeinwesen und [&hellip;]<\/p>\n","protected":false},"author":44,"featured_media":0,"parent":0,"menu_order":0,"comment_status":"closed","ping_status":"closed","template":"","meta":{"footnotes":""},"class_list":["post-89","page","type-page","status-publish","hentry","post"],"_links":{"self":[{"href":"https:\/\/zpe.uni-siegen.de\/unbrk-kommunal\/wp-json\/wp\/v2\/pages\/89","targetHints":{"allow":["GET"]}}],"collection":[{"href":"https:\/\/zpe.uni-siegen.de\/unbrk-kommunal\/wp-json\/wp\/v2\/pages"}],"about":[{"href":"https:\/\/zpe.uni-siegen.de\/unbrk-kommunal\/wp-json\/wp\/v2\/types\/page"}],"author":[{"embeddable":true,"href":"https:\/\/zpe.uni-siegen.de\/unbrk-kommunal\/wp-json\/wp\/v2\/users\/44"}],"replies":[{"embeddable":true,"href":"https:\/\/zpe.uni-siegen.de\/unbrk-kommunal\/wp-json\/wp\/v2\/comments?post=89"}],"version-history":[{"count":55,"href":"https:\/\/zpe.uni-siegen.de\/unbrk-kommunal\/wp-json\/wp\/v2\/pages\/89\/revisions"}],"predecessor-version":[{"id":2243,"href":"https:\/\/zpe.uni-siegen.de\/unbrk-kommunal\/wp-json\/wp\/v2\/pages\/89\/revisions\/2243"}],"wp:attachment":[{"href":"https:\/\/zpe.uni-siegen.de\/unbrk-kommunal\/wp-json\/wp\/v2\/media?parent=89"}],"curies":[{"name":"wp","href":"https:\/\/api.w.org\/{rel}","templated":true}]}}