 
{"id":87,"date":"2022-05-10T20:04:47","date_gmt":"2022-05-10T18:04:47","guid":{"rendered":"https:\/\/zpe.uni-siegen.de\/unbrk-kommunal\/?page_id=87"},"modified":"2025-09-30T13:14:23","modified_gmt":"2025-09-30T11:14:23","slug":"projektpartner","status":"publish","type":"page","link":"https:\/\/zpe.uni-siegen.de\/unbrk-kommunal\/projektpartner\/","title":{"rendered":"Projekt-Team"},"content":{"rendered":"\n<p><\/p>\n\n\n\n<p style=\"font-size:18px\">Das Projekt wurde in Kooperation des Zentrums f\u00fcr Planung und Entwicklung Sozialer Dienste (ZPE) der Universit\u00e4t Siegen und der Monitoring-Stelle UN-Behindertenrechtskonvention des Deutschen Instituts f\u00fcr Menschenrechte (DIMR) durchgef\u00fchrt.<\/p>\n\n\n\n<p style=\"font-size:18px\">Ansprechpersonen f\u00fcr das <a href=\"https:\/\/zpe.uni-siegen.de\/\">ZPE<\/a> sind:<\/p>\n\n\n<div id=\"pl-gb87-69dce9488bff3\"  class=\"panel-layout wp-block-siteorigin-panels-layout-block panel-layout\" ><div id=\"pg-gb87-69dce9488bff3-0\"  class=\"panel-grid panel-no-style\" ><div id=\"pgc-gb87-69dce9488bff3-0-0\"  class=\"panel-grid-cell\" ><div id=\"panel-gb87-69dce9488bff3-0-0-0\" class=\"so-panel widget widget_media_image panel-first-child panel-last-child\" data-index=\"0\" ><img loading=\"lazy\" decoding=\"async\" width=\"150\" height=\"150\" src=\"https:\/\/zpe.uni-siegen.de\/unbrk-kommunal\/wp-content\/uploads\/sites\/2\/2022\/10\/rohrmann-500x500-2-150x150.jpg\" class=\"image wp-image-300  attachment-thumbnail size-thumbnail\" alt=\"Bild von Prof. Dr. Albrecht Rohrmann\" style=\"max-width: 100%; height: auto;\" srcset=\"https:\/\/zpe.uni-siegen.de\/unbrk-kommunal\/wp-content\/uploads\/sites\/2\/2022\/10\/rohrmann-500x500-2-150x150.jpg 150w, https:\/\/zpe.uni-siegen.de\/unbrk-kommunal\/wp-content\/uploads\/sites\/2\/2022\/10\/rohrmann-500x500-2-300x300.jpg 300w, https:\/\/zpe.uni-siegen.de\/unbrk-kommunal\/wp-content\/uploads\/sites\/2\/2022\/10\/rohrmann-500x500-2.jpg 500w\" sizes=\"auto, (max-width: 150px) 100vw, 150px\" \/><\/div><\/div><div id=\"pgc-gb87-69dce9488bff3-0-1\"  class=\"panel-grid-cell\" ><div id=\"panel-gb87-69dce9488bff3-0-1-0\" class=\"so-panel widget widget_text panel-first-child panel-last-child\" data-index=\"1\" >\t\t\t<div class=\"textwidget\"><p><strong>Prof. Dr. Albrecht Rohrmann<\/strong><br \/>\nProfessor f\u00fcr Sozialp\u00e4dagogik mit den Schwerpunkten soziale Rehabilitation und Inklusion<br \/>\nSprecher des ZPE<br \/>\nH\u00f6lderlinstra\u00dfe 3<br \/>\n57068 Siegen<br \/>\n0271 740 \u2013 4484<br \/>\n<a href=\"https:\/\/zpe.uni-siegen.de\/unbrk-kommunal\/projektpartner\/rohrmann@zpe.uni-siegen.de\">rohrmann@zpe.uni-siegen.de<\/a><\/p>\n<\/div>\n\t\t<\/div><\/div><\/div><div id=\"pg-gb87-69dce9488bff3-1\"  class=\"panel-grid panel-no-style\" ><div id=\"pgc-gb87-69dce9488bff3-1-0\"  class=\"panel-grid-cell\" ><div id=\"panel-gb87-69dce9488bff3-1-0-0\" class=\"so-panel widget widget_media_image panel-first-child panel-last-child\" data-index=\"2\" ><img loading=\"lazy\" decoding=\"async\" width=\"150\" height=\"150\" src=\"https:\/\/zpe.uni-siegen.de\/unbrk-kommunal\/wp-content\/uploads\/sites\/2\/2022\/10\/kempf-150x150.jpg\" class=\"image wp-image-298  attachment-thumbnail size-thumbnail\" alt=\"Bild von Matthias Kempf, M.A.\" style=\"max-width: 100%; height: auto;\" srcset=\"https:\/\/zpe.uni-siegen.de\/unbrk-kommunal\/wp-content\/uploads\/sites\/2\/2022\/10\/kempf-150x150.jpg 150w, https:\/\/zpe.uni-siegen.de\/unbrk-kommunal\/wp-content\/uploads\/sites\/2\/2022\/10\/kempf-300x300.jpg 300w, https:\/\/zpe.uni-siegen.de\/unbrk-kommunal\/wp-content\/uploads\/sites\/2\/2022\/10\/kempf.jpg 500w\" sizes=\"auto, (max-width: 150px) 100vw, 150px\" \/><\/div><\/div><div id=\"pgc-gb87-69dce9488bff3-1-1\"  class=\"panel-grid-cell\" ><div id=\"panel-gb87-69dce9488bff3-1-1-0\" class=\"so-panel widget widget_text panel-first-child panel-last-child\" data-index=\"3\" >\t\t\t<div class=\"textwidget\"><p><strong>Dr. Matthias Kempf<\/strong><br \/>\nM.A. Bildung und Soziale Arbeit, Dipl. Soz. Arb.<br \/>\nH\u00f6lderlinstra\u00dfe 3<br \/>\n57068 Siegen<br \/>\n0271 740 \u2013 2534<br \/>\n<a href=\"https:\/\/zpe.uni-siegen.de\/unbrk-kommunal\/projektpartner\/matthias.kempf@uni-siegen.de\">matthias.kempf@uni-siegen.de<\/a><\/p>\n<\/div>\n\t\t<\/div><\/div><\/div><div id=\"pg-gb87-69dce9488bff3-2\"  class=\"panel-grid panel-no-style\" ><div id=\"pgc-gb87-69dce9488bff3-2-0\"  class=\"panel-grid-cell\" ><div id=\"panel-gb87-69dce9488bff3-2-0-0\" class=\"so-panel widget widget_media_image panel-first-child panel-last-child\" data-index=\"4\" ><img loading=\"lazy\" decoding=\"async\" width=\"150\" height=\"150\" src=\"https:\/\/zpe.uni-siegen.de\/unbrk-kommunal\/wp-content\/uploads\/sites\/2\/2024\/06\/Bertelmann-L-150x150.jpeg\" class=\"image wp-image-1965  attachment-thumbnail size-thumbnail\" alt=\"Bild von Lena Bertelmann, M.A.\" style=\"max-width: 100%; height: auto;\" srcset=\"https:\/\/zpe.uni-siegen.de\/unbrk-kommunal\/wp-content\/uploads\/sites\/2\/2024\/06\/Bertelmann-L-150x150.jpeg 150w, https:\/\/zpe.uni-siegen.de\/unbrk-kommunal\/wp-content\/uploads\/sites\/2\/2024\/06\/Bertelmann-L-300x300.jpeg 300w, https:\/\/zpe.uni-siegen.de\/unbrk-kommunal\/wp-content\/uploads\/sites\/2\/2024\/06\/Bertelmann-L-1024x1024.jpeg 1024w, https:\/\/zpe.uni-siegen.de\/unbrk-kommunal\/wp-content\/uploads\/sites\/2\/2024\/06\/Bertelmann-L-768x768.jpeg 768w, https:\/\/zpe.uni-siegen.de\/unbrk-kommunal\/wp-content\/uploads\/sites\/2\/2024\/06\/Bertelmann-L-1536x1536.jpeg 1536w, https:\/\/zpe.uni-siegen.de\/unbrk-kommunal\/wp-content\/uploads\/sites\/2\/2024\/06\/Bertelmann-L-2048x2048.jpeg 2048w\" sizes=\"auto, (max-width: 150px) 100vw, 150px\" \/><\/div><\/div><div id=\"pgc-gb87-69dce9488bff3-2-1\"  class=\"panel-grid-cell\" ><div id=\"panel-gb87-69dce9488bff3-2-1-0\" class=\"so-panel widget widget_text panel-first-child panel-last-child\" data-index=\"5\" >\t\t\t<div class=\"textwidget\"><p>Ehemalige Mitarbeiterin (bis Januar 2025)<br \/>\n<strong>Lena Bertelmann<\/strong><br \/>\nM.A. Bildung und Soziale Arbeit, B.A. Soziale Arbeit<\/p>\n<\/div>\n\t\t<\/div><\/div><\/div><div id=\"pg-gb87-69dce9488bff3-3\"  class=\"panel-grid panel-no-style\" ><div id=\"pgc-gb87-69dce9488bff3-3-0\"  class=\"panel-grid-cell\" ><div id=\"panel-gb87-69dce9488bff3-3-0-0\" class=\"so-panel widget widget_media_image panel-first-child panel-last-child\" data-index=\"6\" ><img loading=\"lazy\" decoding=\"async\" width=\"150\" height=\"150\" src=\"https:\/\/zpe.uni-siegen.de\/unbrk-kommunal\/wp-content\/uploads\/sites\/2\/2023\/01\/Bild-Malin--150x150.jpg\" class=\"image wp-image-694  attachment-thumbnail size-thumbnail\" alt=\"\" style=\"max-width: 100%; height: auto;\" \/><\/div><\/div><div id=\"pgc-gb87-69dce9488bff3-3-1\"  class=\"panel-grid-cell\" ><div id=\"panel-gb87-69dce9488bff3-3-1-0\" class=\"so-panel widget widget_text panel-first-child panel-last-child\" data-index=\"7\" >\t\t\t<div class=\"textwidget\"><p>Ehemalige Mitarbeiterin (bis Dezember 2024)<br \/>\n<strong>Malin Butschkau<br \/>\n<\/strong>M.A. Soziale Inklusion: Gesundheit und Bildung, B.A. Heilp\u00e4dagogik<\/p>\n<\/div>\n\t\t<\/div><\/div><\/div><\/div>\n\n\n<hr class=\"wp-block-separator has-alpha-channel-opacity\" \/>\n\n\n\n<p style=\"font-size:18px\">Ansprechpersonen f\u00fcr das <a href=\"https:\/\/www.institut-fuer-menschenrechte.de\/das-institut\/abteilungen\/monitoring-stelle-un-behindertenrechtskonvention\/ueber-die-monitoring-stelle\">DIMR<\/a> sind:<\/p>\n\n\n<div id=\"pl-gb87-69dce9488d544\"  class=\"panel-layout wp-block-siteorigin-panels-layout-block panel-layout\" ><div id=\"pg-gb87-69dce9488d544-0\"  class=\"panel-grid panel-no-style\" ><div id=\"pgc-gb87-69dce9488d544-0-0\"  class=\"panel-grid-cell\" ><div id=\"panel-gb87-69dce9488d544-0-0-0\" class=\"so-panel widget widget_media_image panel-first-child panel-last-child\" data-index=\"0\" ><img loading=\"lazy\" decoding=\"async\" width=\"150\" height=\"150\" src=\"https:\/\/zpe.uni-siegen.de\/unbrk-kommunal\/wp-content\/uploads\/sites\/2\/2022\/11\/csm_Leander_Palleit_c_DIMR_A_Illing_9bdf1a7dfe-150x150.jpg\" class=\"image wp-image-582  attachment-thumbnail size-thumbnail\" alt=\"Bild von Dr. Leander Palleit\" style=\"max-width: 100%; height: auto;\" \/><\/div><\/div><div id=\"pgc-gb87-69dce9488d544-0-1\"  class=\"panel-grid-cell\" ><div id=\"panel-gb87-69dce9488d544-0-1-0\" class=\"so-panel widget widget_text panel-first-child panel-last-child\" data-index=\"1\" >\t\t\t<div class=\"textwidget\"><p><strong>Dr. Leander Palleit<\/strong><br data-rich-text-line-break=\"true\" \/>Abteilungsleitung Monitoring-Stelle UN-Behindertenrechtskonvention<br \/>\nZimmerstra\u00dfe 26\/27<br data-rich-text-line-break=\"true\" \/>10969 Berlin<br data-rich-text-line-break=\"true\" \/>030 259 359 450<br data-rich-text-line-break=\"true\" \/><a href=\"mailto:un-brk@institut-fuer-menschenrechte.de\">un-brk@institut-fuer-menschenrechte.de<\/a><\/p>\n<\/div>\n\t\t<\/div><\/div><\/div><div id=\"pg-gb87-69dce9488d544-1\"  class=\"panel-grid panel-no-style\" ><div id=\"pgc-gb87-69dce9488d544-1-0\"  class=\"panel-grid-cell\" ><div id=\"panel-gb87-69dce9488d544-1-0-0\" class=\"so-panel widget widget_media_image panel-first-child panel-last-child\" data-index=\"2\" ><img loading=\"lazy\" decoding=\"async\" width=\"150\" height=\"150\" src=\"https:\/\/zpe.uni-siegen.de\/unbrk-kommunal\/wp-content\/uploads\/sites\/2\/2022\/11\/csm_Britta_Schlegel_Pressefoto_2_c_DIMR_Barbara_Dietl_e6e76b3064-150x150.jpg\" class=\"image wp-image-581  attachment-thumbnail size-thumbnail\" alt=\"Bild von Dr. Britta Schlegel\" style=\"max-width: 100%; height: auto;\" \/><\/div><\/div><div id=\"pgc-gb87-69dce9488d544-1-1\"  class=\"panel-grid-cell\" ><div id=\"panel-gb87-69dce9488d544-1-1-0\" class=\"so-panel widget widget_text panel-first-child panel-last-child\" data-index=\"3\" >\t\t\t<div class=\"textwidget\"><p><strong data-rich-text-format-boundary=\"true\">Dr. Britta Schlegel<\/strong><br data-rich-text-line-break=\"true\" \/>Abteilungsleitung Monitoring-Stelle UN-Behindertenrechtskonvention <br data-rich-text-line-break=\"true\" \/>Zimmerstra\u00dfe 26\/27<br data-rich-text-line-break=\"true\" \/>10969 Berlin<br data-rich-text-line-break=\"true\" \/>030 259 359 450<br data-rich-text-line-break=\"true\" \/><a href=\"mailto:un-brk@institut-fuer-menschenrechte.de\">un-brk@institut-fuer-menschenrechte.de<\/a><\/p>\n<\/div>\n\t\t<\/div><\/div><\/div><div id=\"pg-gb87-69dce9488d544-2\"  class=\"panel-grid panel-no-style\" ><div id=\"pgc-gb87-69dce9488d544-2-0\"  class=\"panel-grid-cell\" ><div id=\"panel-gb87-69dce9488d544-2-0-0\" class=\"so-panel widget widget_media_image panel-first-child panel-last-child\" data-index=\"4\" ><img loading=\"lazy\" decoding=\"async\" width=\"150\" height=\"150\" src=\"https:\/\/zpe.uni-siegen.de\/unbrk-kommunal\/wp-content\/uploads\/sites\/2\/2022\/11\/Download-150x150.jpg\" class=\"image wp-image-585  attachment-thumbnail size-thumbnail\" alt=\"Bild von Dr. Jana Offergeld\" style=\"max-width: 100%; height: auto;\" \/><\/div><\/div><div id=\"pgc-gb87-69dce9488d544-2-1\"  class=\"panel-grid-cell\" ><div id=\"panel-gb87-69dce9488d544-2-1-0\" class=\"so-panel widget widget_text panel-first-child panel-last-child\" data-index=\"5\" >\t\t\t<div class=\"textwidget\"><p><strong>Dr. Jana Offergeld<\/strong><br \/>\nWissenschaftliche Mitarbeiterin bei der Monitoring-Stelle UN-Behindertenrechtskonvention<br \/>\nZimmerstra\u00dfe 26\/27<br \/>\n10969 Berlin<br \/>\n030 259 359 244<br \/>\n<a href=\"mailto:offergeld@institut-fuer-menschenrechte.de\">offergeld@institut-fuer-menschenrechte.de<\/a><\/p>\n<\/div>\n\t\t<\/div><\/div><\/div><\/div>\n\n\n<hr class=\"wp-block-separator has-alpha-channel-opacity\" \/>\n\n\n\n<p style=\"font-size:18px\">Au\u00dferdem wird das Projekt durch einen Beirat begleitet. Dort arbeiten mit:<\/p>\n\n\n<div id=\"pl-gb87-69dce9488e6a1\"  class=\"panel-layout wp-block-siteorigin-panels-layout-block panel-layout\" ><div id=\"pg-gb87-69dce9488e6a1-0\"  class=\"panel-grid panel-no-style\" ><div id=\"pgc-gb87-69dce9488e6a1-0-0\"  class=\"panel-grid-cell\" ><div id=\"panel-gb87-69dce9488e6a1-0-0-0\" class=\"so-panel widget widget_text panel-first-child panel-last-child\" data-index=\"0\" >\t\t\t<div class=\"textwidget\"><p><strong>Andreas Bethke<\/strong><\/p>\n<\/div>\n\t\t<\/div><\/div><div id=\"pgc-gb87-69dce9488e6a1-0-1\"  class=\"panel-grid-cell\" ><div id=\"panel-gb87-69dce9488e6a1-0-1-0\" class=\"so-panel widget widget_text panel-first-child panel-last-child\" data-index=\"1\" >\t\t\t<div class=\"textwidget\"><p>Gesch\u00e4ftsf\u00fchrer des Deutschen Blinden- und Sehbehindertenverbandes<\/p>\n<\/div>\n\t\t<\/div><\/div><\/div><div id=\"pg-gb87-69dce9488e6a1-1\"  class=\"panel-grid panel-no-style\" ><div id=\"pgc-gb87-69dce9488e6a1-1-0\"  class=\"panel-grid-cell\" ><div id=\"panel-gb87-69dce9488e6a1-1-0-0\" class=\"so-panel widget widget_text panel-first-child panel-last-child\" data-index=\"2\" >\t\t\t<div class=\"textwidget\"><p><strong>Theresia Degener<\/strong><\/p>\n<\/div>\n\t\t<\/div><\/div><div id=\"pgc-gb87-69dce9488e6a1-1-1\"  class=\"panel-grid-cell\" ><div id=\"panel-gb87-69dce9488e6a1-1-1-0\" class=\"so-panel widget widget_text panel-first-child panel-last-child\" data-index=\"3\" >\t\t\t<div class=\"textwidget\"><p>Professorin f\u00fcr Recht und Disability Studies an der Evangelischen Hochschule RWL, Bochum<\/p>\n<\/div>\n\t\t<\/div><\/div><\/div><div id=\"pg-gb87-69dce9488e6a1-2\"  class=\"panel-grid panel-no-style\" ><div id=\"pgc-gb87-69dce9488e6a1-2-0\"  class=\"panel-grid-cell\" ><div id=\"panel-gb87-69dce9488e6a1-2-0-0\" class=\"so-panel widget widget_text panel-first-child panel-last-child\" data-index=\"4\" >\t\t\t<div class=\"textwidget\"><p><strong>Kriemhild Egermann-Schuler<\/strong><\/p>\n<\/div>\n\t\t<\/div><\/div><div id=\"pgc-gb87-69dce9488e6a1-2-1\"  class=\"panel-grid-cell\" ><div id=\"panel-gb87-69dce9488e6a1-2-1-0\" class=\"so-panel widget widget_text panel-first-child panel-last-child\" data-index=\"5\" >\t\t\t<div class=\"textwidget\"><p>Deutsche Gesellschaft der H\u00f6rbehinderten &#8211; Selbsthilfe und Fachverb\u00e4nde e. V.<\/p>\n<\/div>\n\t\t<\/div><\/div><\/div><div id=\"pg-gb87-69dce9488e6a1-3\"  class=\"panel-grid panel-no-style\" ><div id=\"pgc-gb87-69dce9488e6a1-3-0\"  class=\"panel-grid-cell\" ><div id=\"panel-gb87-69dce9488e6a1-3-0-0\" class=\"so-panel widget widget_text panel-first-child panel-last-child\" data-index=\"6\" >\t\t\t<div class=\"textwidget\"><p><strong>Anke Glenz<\/strong><\/p>\n<\/div>\n\t\t<\/div><\/div><div id=\"pgc-gb87-69dce9488e6a1-3-1\"  class=\"panel-grid-cell\" ><div id=\"panel-gb87-69dce9488e6a1-3-1-0\" class=\"so-panel widget widget_text panel-first-child panel-last-child\" data-index=\"7\" >\t\t\t<div class=\"textwidget\"><p>Fachstelle Integrierte Sozialplanung, Landkreis Breisgau-Hochschwarzwald<\/p>\n<\/div>\n\t\t<\/div><\/div><\/div><div id=\"pg-gb87-69dce9488e6a1-4\"  class=\"panel-grid panel-no-style\" ><div id=\"pgc-gb87-69dce9488e6a1-4-0\"  class=\"panel-grid-cell\" ><div id=\"panel-gb87-69dce9488e6a1-4-0-0\" class=\"so-panel widget widget_text panel-first-child panel-last-child\" data-index=\"8\" >\t\t\t<div class=\"textwidget\"><p><strong>Ingo Gottschalk<\/strong><\/p>\n<\/div>\n\t\t<\/div><\/div><div id=\"pgc-gb87-69dce9488e6a1-4-1\"  class=\"panel-grid-cell\" ><div id=\"panel-gb87-69dce9488e6a1-4-1-0\" class=\"so-panel widget widget_text panel-first-child panel-last-child\" data-index=\"9\" >\t\t\t<div class=\"textwidget\"><p>Stabsstelle Jugendhilfe-, Sozial- und Gesundheitsplanung, Stadt Magdeburg<\/p>\n<\/div>\n\t\t<\/div><\/div><\/div><div id=\"pg-gb87-69dce9488e6a1-5\"  class=\"panel-grid panel-no-style\" ><div id=\"pgc-gb87-69dce9488e6a1-5-0\"  class=\"panel-grid-cell\" ><div id=\"panel-gb87-69dce9488e6a1-5-0-0\" class=\"so-panel widget widget_text panel-first-child panel-last-child\" data-index=\"10\" >\t\t\t<div class=\"textwidget\"><p><strong>Ottmar Miles-Paul<\/strong><\/p>\n<\/div>\n\t\t<\/div><\/div><div id=\"pgc-gb87-69dce9488e6a1-5-1\"  class=\"panel-grid-cell\" ><div id=\"panel-gb87-69dce9488e6a1-5-1-0\" class=\"so-panel widget widget_text panel-first-child panel-last-child\" data-index=\"11\" >\t\t\t<div class=\"textwidget\"><p>Selbstorganisation von Menschen mit Behinderungen<\/p>\n<\/div>\n\t\t<\/div><\/div><\/div><div id=\"pg-gb87-69dce9488e6a1-6\"  class=\"panel-grid panel-no-style\" ><div id=\"pgc-gb87-69dce9488e6a1-6-0\"  class=\"panel-grid-cell\" ><div id=\"panel-gb87-69dce9488e6a1-6-0-0\" class=\"so-panel widget widget_text panel-first-child panel-last-child\" data-index=\"12\" >\t\t\t<div class=\"textwidget\"><p><strong>Matthias R\u00f6sch<\/strong><\/p>\n<\/div>\n\t\t<\/div><\/div><div id=\"pgc-gb87-69dce9488e6a1-6-1\"  class=\"panel-grid-cell\" ><div id=\"panel-gb87-69dce9488e6a1-6-1-0\" class=\"so-panel widget widget_text panel-first-child panel-last-child\" data-index=\"13\" >\t\t\t<div class=\"textwidget\"><p>ehemaliger Landesbeauftragter f\u00fcr die Belange von Menschen mit Behinderungen, Rheinland-Pfalz<\/p>\n<\/div>\n\t\t<\/div><\/div><\/div><div id=\"pg-gb87-69dce9488e6a1-7\"  class=\"panel-grid panel-no-style\" ><div id=\"pgc-gb87-69dce9488e6a1-7-0\"  class=\"panel-grid-cell\" ><div id=\"panel-gb87-69dce9488e6a1-7-0-0\" class=\"so-panel widget widget_text panel-first-child panel-last-child\" data-index=\"14\" >\t\t\t<div class=\"textwidget\"><p><strong>Manuela Scharf<\/strong><\/p>\n<\/div>\n\t\t<\/div><\/div><div id=\"pgc-gb87-69dce9488e6a1-7-1\"  class=\"panel-grid-cell\" ><div id=\"panel-gb87-69dce9488e6a1-7-1-0\" class=\"so-panel widget widget_text panel-first-child panel-last-child\" data-index=\"15\" >\t\t\t<div class=\"textwidget\"><p>Beauftragte f\u00fcr Menschen mit Behinderungen und Senior*innen der Landeshauptstadt Dresden<\/p>\n<\/div>\n\t\t<\/div><\/div><\/div><div id=\"pg-gb87-69dce9488e6a1-8\"  class=\"panel-grid panel-no-style\" ><div id=\"pgc-gb87-69dce9488e6a1-8-0\"  class=\"panel-grid-cell\" ><div id=\"panel-gb87-69dce9488e6a1-8-0-0\" class=\"so-panel widget widget_text panel-first-child panel-last-child\" data-index=\"16\" >\t\t\t<div class=\"textwidget\"><p><strong>Michael Sp\u00f6rke<\/strong><\/p>\n<\/div>\n\t\t<\/div><\/div><div id=\"pgc-gb87-69dce9488e6a1-8-1\"  class=\"panel-grid-cell\" ><div id=\"panel-gb87-69dce9488e6a1-8-1-0\" class=\"so-panel widget widget_text panel-first-child panel-last-child\" data-index=\"17\" >\t\t\t<div class=\"textwidget\"><p>Sozialverband Deutschland NRW e.V., Abteilungsleiter Sozialpolitik &amp; Kommunales<\/p>\n<\/div>\n\t\t<\/div><\/div><\/div><div id=\"pg-gb87-69dce9488e6a1-9\"  class=\"panel-grid panel-no-style\" ><div id=\"pgc-gb87-69dce9488e6a1-9-0\"  class=\"panel-grid-cell\" ><div id=\"panel-gb87-69dce9488e6a1-9-0-0\" class=\"so-panel widget widget_text panel-first-child panel-last-child\" data-index=\"18\" >\t\t\t<div class=\"textwidget\"><p><strong>Sascha Ubrig<\/strong><\/p>\n<\/div>\n\t\t<\/div><\/div><div id=\"pgc-gb87-69dce9488e6a1-9-1\"  class=\"panel-grid-cell\" ><div id=\"panel-gb87-69dce9488e6a1-9-1-0\" class=\"so-panel widget widget_text panel-first-child panel-last-child\" data-index=\"19\" >\t\t\t<div class=\"textwidget\"><p>Hauptamtlicher Interessenvertreter der Lebenshilfe e.V. Berlin<\/p>\n<\/div>\n\t\t<\/div><\/div><\/div><div id=\"pg-gb87-69dce9488e6a1-10\"  class=\"panel-grid panel-no-style\" ><div id=\"pgc-gb87-69dce9488e6a1-10-0\"  class=\"panel-grid-cell\" ><div id=\"panel-gb87-69dce9488e6a1-10-0-0\" class=\"so-panel widget widget_text panel-first-child panel-last-child\" data-index=\"20\" >\t\t\t<div class=\"textwidget\"><p><strong>Carolina Zibell<\/strong><\/p>\n<\/div>\n\t\t<\/div><\/div><div id=\"pgc-gb87-69dce9488e6a1-10-1\"  class=\"panel-grid-cell\" ><div id=\"panel-gb87-69dce9488e6a1-10-1-0\" class=\"so-panel widget widget_text panel-first-child panel-last-child\" data-index=\"21\" >\t\t\t<div class=\"textwidget\"><p>Aktion Mensch, Projektleiterin der Initiative \u201eKommune inklusiv\u201c<\/p>\n<\/div>\n\t\t<\/div><\/div><\/div><\/div>\n\n\n<hr class=\"wp-block-separator has-alpha-channel-opacity\" \/>\n\n\n\n<figure class=\"wp-block-image size-large\"><img loading=\"lazy\" decoding=\"async\" width=\"1024\" height=\"683\" src=\"https:\/\/zpe.uni-siegen.de\/unbrk-kommunal\/wp-content\/uploads\/sites\/2\/2022\/11\/Beirat-Komm.-Aktionsplan_c-DIMR-1024x683.jpg\" alt=\"Ein Bild von unserem Beirat mit unserem Projektteam \" class=\"wp-image-668\" srcset=\"https:\/\/zpe.uni-siegen.de\/unbrk-kommunal\/wp-content\/uploads\/sites\/2\/2022\/11\/Beirat-Komm.-Aktionsplan_c-DIMR-1024x683.jpg 1024w, https:\/\/zpe.uni-siegen.de\/unbrk-kommunal\/wp-content\/uploads\/sites\/2\/2022\/11\/Beirat-Komm.-Aktionsplan_c-DIMR-300x200.jpg 300w, https:\/\/zpe.uni-siegen.de\/unbrk-kommunal\/wp-content\/uploads\/sites\/2\/2022\/11\/Beirat-Komm.-Aktionsplan_c-DIMR-768x512.jpg 768w, https:\/\/zpe.uni-siegen.de\/unbrk-kommunal\/wp-content\/uploads\/sites\/2\/2022\/11\/Beirat-Komm.-Aktionsplan_c-DIMR-1536x1024.jpg 1536w, https:\/\/zpe.uni-siegen.de\/unbrk-kommunal\/wp-content\/uploads\/sites\/2\/2022\/11\/Beirat-Komm.-Aktionsplan_c-DIMR-2048x1365.jpg 2048w, https:\/\/zpe.uni-siegen.de\/unbrk-kommunal\/wp-content\/uploads\/sites\/2\/2022\/11\/Beirat-Komm.-Aktionsplan_c-DIMR-272x182.jpg 272w\" sizes=\"auto, (max-width: 1024px) 100vw, 1024px\" \/><figcaption class=\"wp-element-caption\">Unser Projektbeirat<\/figcaption><\/figure>\n\n\n\n<hr class=\"wp-block-separator has-alpha-channel-opacity\" \/>\n\n\n\n<p>Weiterhin sind in das Projekt eingebunden:<\/p>\n\n\n\n<ul style=\"font-size:16px\" class=\"wp-block-list\">\n<li>Vertreter*innen der Interessenvertretung und Selbstorganisation von Menschen mit Behinderungen<\/li>\n<\/ul>\n\n\n\n<ul style=\"font-size:16px\" class=\"wp-block-list\">\n<li>kommunale und Landesbeauftragte f\u00fcr die Belange von Menschen mit Behinderungen<\/li>\n<\/ul>\n\n\n\n<ul style=\"font-size:16px\" class=\"wp-block-list\">\n<li>Vertreter*innen von Verb\u00e4nden und Organisationen, die ihre Aktivit\u00e4ten auf die Belange von Menschen mit Behinderungen und die F\u00f6rderung inklusiver Strukturen richten<\/li>\n<\/ul>\n\n\n\n<ul style=\"font-size:16px\" class=\"wp-block-list\">\n<li>Vertreter*innen von Kommunal-Verb\u00e4nden<\/li>\n<\/ul>\n\n\n\n<ul style=\"font-size:16px\" class=\"wp-block-list\">\n<li>Vertreter*innen aus der Wissenschaft<\/li>\n<\/ul>\n","protected":false},"excerpt":{"rendered":"<p>Das Projekt wurde in Kooperation des Zentrums f\u00fcr Planung und Entwicklung Sozialer Dienste (ZPE) der Universit\u00e4t Siegen und der Monitoring-Stelle UN-Behindertenrechtskonvention des Deutschen Instituts f\u00fcr Menschenrechte (DIMR) durchgef\u00fchrt. Ansprechpersonen f\u00fcr [&hellip;]<\/p>\n","protected":false},"author":2,"featured_media":0,"parent":0,"menu_order":0,"comment_status":"closed","ping_status":"closed","template":"","meta":{"footnotes":""},"class_list":["post-87","page","type-page","status-publish","hentry","post"],"_links":{"self":[{"href":"https:\/\/zpe.uni-siegen.de\/unbrk-kommunal\/wp-json\/wp\/v2\/pages\/87","targetHints":{"allow":["GET"]}}],"collection":[{"href":"https:\/\/zpe.uni-siegen.de\/unbrk-kommunal\/wp-json\/wp\/v2\/pages"}],"about":[{"href":"https:\/\/zpe.uni-siegen.de\/unbrk-kommunal\/wp-json\/wp\/v2\/types\/page"}],"author":[{"embeddable":true,"href":"https:\/\/zpe.uni-siegen.de\/unbrk-kommunal\/wp-json\/wp\/v2\/users\/2"}],"replies":[{"embeddable":true,"href":"https:\/\/zpe.uni-siegen.de\/unbrk-kommunal\/wp-json\/wp\/v2\/comments?post=87"}],"version-history":[{"count":93,"href":"https:\/\/zpe.uni-siegen.de\/unbrk-kommunal\/wp-json\/wp\/v2\/pages\/87\/revisions"}],"predecessor-version":[{"id":2211,"href":"https:\/\/zpe.uni-siegen.de\/unbrk-kommunal\/wp-json\/wp\/v2\/pages\/87\/revisions\/2211"}],"wp:attachment":[{"href":"https:\/\/zpe.uni-siegen.de\/unbrk-kommunal\/wp-json\/wp\/v2\/media?parent=87"}],"curies":[{"name":"wp","href":"https:\/\/api.w.org\/{rel}","templated":true}]}}