 
{"id":25,"date":"2025-08-12T15:58:20","date_gmt":"2025-08-12T13:58:20","guid":{"rendered":"https:\/\/zpe.uni-siegen.de\/teilhabekongress-2026\/?page_id=25"},"modified":"2026-04-22T09:59:53","modified_gmt":"2026-04-22T07:59:53","slug":"anmeldung","status":"publish","type":"page","link":"https:\/\/zpe.uni-siegen.de\/teilhabekongress2026\/anmeldung\/","title":{"rendered":"Anmeldung"},"content":{"rendered":"\n<h2 class=\"wp-block-heading\">\ud83d\udcdd Anmeldung<\/h2>\n\n\n\n<p><a href=\"https:\/\/eveeno.com\/366287965\">Jetzt zur Tagung anmelden!<\/a><\/p>\n\n\n\n<div style=\"height:26px\" aria-hidden=\"true\" class=\"wp-block-spacer\"><\/div>\n\n\n\n<h2 class=\"wp-block-heading\">\u00dcbernachtungsm\u00f6glichkeiten<\/h2>\n\n\n\n<p>Wir haben in mehreren Hotels ein Zimmerkontingent f\u00fcr Sie reserviert. Bitte buchen Sie fr\u00fchzeitig und verwenden Sie dabei das Kennwort: <strong>Teilhabekongress<\/strong><\/p>\n\n\n\n<p>Bitte beachten Sie, dass die Buchung, Bezahlung und eventuelle Stornierung direkt mit dem Hotel erfolgen muss. Wir k\u00f6nnen keine Garantie f\u00fcr die Verf\u00fcgbarkeit eines Zimmers \u00fcbernehmen und auch nicht die Kosten daf\u00fcr tragen. Wir empfehlen jedoch die Nutzung der folgenden reservierten Kontingente (Wir m\u00f6chten darauf hinweisen, dass es sich teilweise um Sonderpreise handelt, die nur bei der direkten Buchung beim Hotel Anwendung finden, nicht jedoch bei der Buchung \u00fcber andere Portale! Verwenden Sie daher am besten die genannte E-Mail-Adresse.):<\/p>\n\n\n\n<div style=\"height:26px\" aria-hidden=\"true\" class=\"wp-block-spacer\"><\/div>\n\n\n\n<figure class=\"wp-block-table\" style=\"max-width: 100%; margin-left: 1cm;\">\n  <table class=\"has-fixed-layout\" style=\"width: auto; table-layout: auto; max-width: 100%; border-collapse: collapse; border-top: 2px solid #000;\">\n    <tbody>\n\n      <tr style=\"border-bottom: 2px solid #000;\">\n        <td style=\"border: none;\">Adapt Apartment Hotel<br>Europastra\u00dfe 2a, 57072 Siegen<br>Apartment 77 Euro \u00dc o. F | &#9855;<br>\n          <a href=\"https:\/\/www.adaptapartments.de\/standort\/siegen\">https:\/\/www.adaptapartments.de\/standort\/siegen<\/a>\n        <\/td>\n        <td style=\"border: none;\"><\/td>\n        <td style=\"border: none;\">Telefon: 0271 8008340<br>\n          E-Mail: <a href=\"mailto:info@adaptsiegen.de\">info@adaptsiegen.de<\/a><br>\n          Zum Veranstaltungsort:<br>\n          zu Fu\u00df 9 Min.,<br>\n          Bus 10 Min.;<br>\n          Taxi\/PKW ca. 8 Min.<br><br>\n        <\/td>\n      <\/tr>\n\n      <tr style=\"border-bottom: 2px solid #000;\">\n        <td style=\"border: none;\">Amedia Hotel Siegen<br>Koblenzer Str. 135, 57072 Siegen<br>Einzelzimmer 84 Euro \u00dc\/F | &#9855;<br>\n          <a href=\"http:\/\/www.amediahotels.com\/\">http:\/\/www.amediahotels.com\/<\/a>\n        <\/td>\n        <td style=\"border: none;\"><\/td>\n        <td style=\"border: none;\">Telefon: 0271 400-3480<br>\n          E-Mail: <a href=\"mailto:siegen@amediahotels.com\">siegen@amediahotels.com<\/a><br><br>\n          Zum Veranstaltungsort:<br>\n          zu Fu\u00df 20 Min.<br>\n          \u00d6PNV zw. 13 u. 17 Min.;<br>\n          Taxi\/PKW ca. 6 Min.\n        <\/td>\n      <\/tr>\n\n      <tr style=\"border-bottom: 2px solid #000;\">\n        <td style=\"border: none;\">Concorde Hotel Siegen<br>Kampenstr. 83, 57072 Siegen<br>Einzelzimmer 88 Euro \u00dc\/F<br>\n          <a href=\"https:\/\/www.concordehotel-siegen.de\/\">https:\/\/www.concordehotel-siegen.de\/<\/a>\n        <\/td>\n        <td style=\"border: none;\"><\/td>\n        <td style=\"border: none;\">Telefon: 0271 50110<br>\n          E-Mail: <a href=\"mailto:info@concordehotel-siegen.com\">info@concordehotel-siegen.com<\/a><br><br>\n          Zum Veranstaltungsort:<br>\n          zu Fu\u00df 21 Min.<br>\n          \u00d6PNV zw. 15 u. 17 Min.;<br>\n          Taxi\/PKW ca. 6 Min.\n        <\/td>\n      <\/tr>\n\n    <\/tbody>\n  <\/table>\n<\/figure>\n\n\n\n<p>\u00dcber die g\u00e4ngigen Portale lassen sich selbstverst\u00e4ndlich auch weitere Unterk\u00fcnfte finden.<\/p>\n","protected":false},"excerpt":{"rendered":"<p>\ud83d\udcdd Anmeldung Jetzt zur Tagung anmelden! \u00dcbernachtungsm\u00f6glichkeiten Wir haben in mehreren Hotels ein Zimmerkontingent f\u00fcr Sie reserviert. Bitte buchen Sie fr\u00fchzeitig und verwenden Sie dabei das Kennwort: Teilhabekongress Bitte beachten [&hellip;]<\/p>\n","protected":false},"author":12,"featured_media":0,"parent":0,"menu_order":0,"comment_status":"closed","ping_status":"closed","template":"","meta":{"footnotes":""},"class_list":["post-25","page","type-page","status-publish","hentry","post"],"_links":{"self":[{"href":"https:\/\/zpe.uni-siegen.de\/teilhabekongress2026\/wp-json\/wp\/v2\/pages\/25","targetHints":{"allow":["GET"]}}],"collection":[{"href":"https:\/\/zpe.uni-siegen.de\/teilhabekongress2026\/wp-json\/wp\/v2\/pages"}],"about":[{"href":"https:\/\/zpe.uni-siegen.de\/teilhabekongress2026\/wp-json\/wp\/v2\/types\/page"}],"author":[{"embeddable":true,"href":"https:\/\/zpe.uni-siegen.de\/teilhabekongress2026\/wp-json\/wp\/v2\/users\/12"}],"replies":[{"embeddable":true,"href":"https:\/\/zpe.uni-siegen.de\/teilhabekongress2026\/wp-json\/wp\/v2\/comments?post=25"}],"version-history":[{"count":30,"href":"https:\/\/zpe.uni-siegen.de\/teilhabekongress2026\/wp-json\/wp\/v2\/pages\/25\/revisions"}],"predecessor-version":[{"id":687,"href":"https:\/\/zpe.uni-siegen.de\/teilhabekongress2026\/wp-json\/wp\/v2\/pages\/25\/revisions\/687"}],"wp:attachment":[{"href":"https:\/\/zpe.uni-siegen.de\/teilhabekongress2026\/wp-json\/wp\/v2\/media?parent=25"}],"curies":[{"name":"wp","href":"https:\/\/api.w.org\/{rel}","templated":true}]}}