 
{"id":220,"date":"2025-10-17T12:28:53","date_gmt":"2025-10-17T10:28:53","guid":{"rendered":"https:\/\/zpe.uni-siegen.de\/teilhabekongress2026\/?page_id=220"},"modified":"2026-04-17T12:16:57","modified_gmt":"2026-04-17T10:16:57","slug":"220-2","status":"publish","type":"page","link":"https:\/\/zpe.uni-siegen.de\/teilhabekongress2026\/en\/220-2\/","title":{"rendered":"Programme"},"content":{"rendered":"\n<h2 class=\"wp-block-heading\"><strong> 4th Congress on Participation Research<\/strong><\/h2>\n\n\n\n<p>Date: September 10 and 11, 2026<br><br>Location: University of Siegen, Lower Castle Campus &#8211; Lecture Hall Center (US-C), Unteres Schlo\u00df 3, D-57072 Siegen<\/p>\n\n\n\n<ul class=\"wp-block-list\">\n<li>\n  <a href=\"https:\/\/www.uni-siegen.de\/start\/kontakt\/anfahrt_und_lageplaene\/campus_siegen_mitte.html.en?lang=en\" aria-label=\"Information on how to get to Campus Siegen Mitte\">\n    Directions to Campus Siegen Mitte\n  <\/a>\n<\/li>\n\n\n\n<li>\n  <a href=\"https:\/\/uni-siegen.sciebo.de\/s\/nnf8zCRkwsJ6Lp3\" aria-label=\"View map of Campus Siegen Mitte\">\n    Map of Campus Siegen Mitte\n  <\/a>\n<\/li>\n<\/ul>\n\n\n\n<div style=\"height:57px\" aria-hidden=\"true\" class=\"wp-block-spacer\"><\/div>\n\n\n\n<h1 class=\"wp-block-heading\"><Strong>Programme<\/strong><\/h1>\n\n\n\n<h3 class=\"wp-block-heading\"><strong>Thursday, September 10, 2026<\/strong><\/h3>\n\n\n\n<style>\n  table.has-fixed-layout {\n    border-collapse: separate;\n    border-spacing: 0 12px; \/* vertikaler Abstand zwischen Zeilen *\/\n    border: none;\n  }\n\n  table.has-fixed-layout td {\n    padding: 8px 20px;\n    border: none;\n    vertical-align: top;\n  }\n\n  table.has-fixed-layout td:first-child {\n    width: 120px;\n    text-align: right;\n    white-space: nowrap;\n  }\n\n  table.has-fixed-layout td:nth-child(2) {\n    text-align: left;\n  }\n<\/style>\n\n<figure class=\"wp-block-table\">\n  <table class=\"has-fixed-layout\">\n    <tbody>\n      <tr><td>9:30<\/td><td>Check\u2011in | Cloakroom | Coffee<\/td><\/tr>\n      <tr><td>10:30<\/td><td>Welcome Addresses | Thematic\/Organisational Introduction<br><strong>(Friedrich-Schadeberg-H\u00f6rsaal, Room US-C 116)<\/strong><\/td><\/tr>\n      <tr><td>11:00<\/td><td>Keynote I: Prof. Dr. Theresia Degener<br><a href=\"https:\/\/zpe.uni-siegen.de\/teilhabekongress2026\/en\/keynotes-2\/\">Twenty Years of the UN Convention on the Rights of Persons with Disabilities<\/a><br><strong>(Friedrich-Schadeberg-H\u00f6rsaal, Room US-C 116)<\/strong><\/td><\/tr>\n<tr><td>12:00<\/td><td>Keynote II: Prof. Dr. Tsitsi Chataika<br>\n<a href=\"https:\/\/zpe.uni-siegen.de\/teilhabekongress2026\/en\/keynotes-2\/\">From Global Commitments to Local Realities: Decolonising Participation and Reclaiming Community Agency Twenty Years after the CRPD<\/a><br><strong>(Friedrich-Schadeberg-H\u00f6rsaal, Room US-C 116)<\/strong><\/td><\/tr>\n      <tr><td>13:00<\/td><td><strong>\u2013 Lunch break \u2013<\/strong><\/td><\/tr>\n      <tr><td>13:45<\/td><td>Panels<\/td><\/tr>\n      <tr><td>15:30<\/td><td><strong>Coffee break | Poster session<\/strong><\/td><\/tr>\n      <tr><td>16:15\u201317:45<\/td><td>Research workshops<\/td><\/tr>\n      <tr><td>18:00<\/td><td><strong>Annual General Meeting (AGM) Aktionsb\u00fcndnis Teilhabeforschung<\/strong><\/td><\/tr>\n<tr><td>20:00<\/td><td>Joint Dinner<br><strong>(Siegerlandhalle)<\/strong><\/td><\/tr>\n    <\/tbody>\n  <\/table>\n<\/figure>\n\n\n\n<h3 class=\"wp-block-heading\"><strong>Friday, September 11, 2026<\/strong><\/h3>\n\n\n\n<style>\n  table.has-fixed-layout {\n    border-collapse: separate;\n    border-spacing: 0 12px; \/* vertikaler Abstand zwischen Zeilen *\/\n    border: none;\n  }\n\n  table.has-fixed-layout td {\n    padding: 8px 20px;\n    border: none;\n    vertical-align: top;\n  }\n\n  table.has-fixed-layout td:first-child {\n    width: 120px;\n    text-align: right;\n    white-space: nowrap;\n  }\n\n  table.has-fixed-layout td:nth-child(2) {\n    text-align: left;\n  }\n<\/style>\n\n<figure class=\"wp-block-table\">\n  <table class=\"has-fixed-layout\">\n    <tbody>\n      \n<tr><td>9:15<\/td><td>Welcome | Introduction to the Day\u2019s Schedule<\/tr><\/td>\n<tr><td>9:30<\/td><td>Keynote III \u2013 Prof. Dr. Albrecht Rohrmann<br>\n<a href=\"https:\/\/zpe.uni-siegen.de\/teilhabekongress2026\/en\/keynotes-2\/\">\nImplementing the UN Convention on the Rights of Persons with Disabilities: a challenge for local authorities and social services<\/a><br>Following this: Dialogue session with representatives of MAGS NRW<br><strong>(Friedrich-Schadeberg-H\u00f6rsaal, Room US-C 116)<\/strong><\/td><\/tr>\n      <tr><td>10:45<\/td><td>Panels<\/td><\/tr>\n      <tr><td>12:15<\/td><td><strong>\u2013 Lunch break \u2013<\/strong><\/td><\/tr>\n      <tr><td>13:15<\/td><td>Keynote IV \u2013 Dr. \u0160\u00e1rka K\u00e1\u0148ov\u00e1<br>\n<a href=\"https:\/\/zpe.uni-siegen.de\/teilhabekongress2026\/en\/keynotes-2\/\">\n<\/a><br>\n<strong>(Friedrich-Schadeberg-H\u00f6rsaal, Room US-C 116)<\/strong><\/td><\/tr>\n<tr><td>14:15<\/td><td><strong>\u2013 Coffee break \u2013<\/strong><\/td><\/tr>\n      <tr><td>14:30\u201316:00<\/td><td>Panels<\/td><\/tr>\n      <tr><td>16:15<\/td><td>Joint Conclusion<br><strong>(Friedrich-Schadeberg-H\u00f6rsaal, Room US-C 116)<\/strong><\/td><\/tr>\n<tr><td>17:00<\/td><td>Departure<\/td><\/tr>\n    <\/tbody>\n  <\/table>\n<\/figure>\n\n\n\n<p>Note: The programme is continuously being updated.<\/p>\n","protected":false},"excerpt":{"rendered":"<p>4th Congress on Participation Research Date: September 10 and 11, 2026 Location: University of Siegen, Lower Castle Campus &#8211; Lecture Hall Center (US-C), Unteres Schlo\u00df 3, D-57072 Siegen Programme Thursday, [&hellip;]<\/p>\n","protected":false},"author":12,"featured_media":0,"parent":0,"menu_order":0,"comment_status":"closed","ping_status":"closed","template":"","meta":{"footnotes":""},"class_list":["post-220","page","type-page","status-publish","hentry","post"],"_links":{"self":[{"href":"https:\/\/zpe.uni-siegen.de\/teilhabekongress2026\/wp-json\/wp\/v2\/pages\/220","targetHints":{"allow":["GET"]}}],"collection":[{"href":"https:\/\/zpe.uni-siegen.de\/teilhabekongress2026\/wp-json\/wp\/v2\/pages"}],"about":[{"href":"https:\/\/zpe.uni-siegen.de\/teilhabekongress2026\/wp-json\/wp\/v2\/types\/page"}],"author":[{"embeddable":true,"href":"https:\/\/zpe.uni-siegen.de\/teilhabekongress2026\/wp-json\/wp\/v2\/users\/12"}],"replies":[{"embeddable":true,"href":"https:\/\/zpe.uni-siegen.de\/teilhabekongress2026\/wp-json\/wp\/v2\/comments?post=220"}],"version-history":[{"count":34,"href":"https:\/\/zpe.uni-siegen.de\/teilhabekongress2026\/wp-json\/wp\/v2\/pages\/220\/revisions"}],"predecessor-version":[{"id":625,"href":"https:\/\/zpe.uni-siegen.de\/teilhabekongress2026\/wp-json\/wp\/v2\/pages\/220\/revisions\/625"}],"wp:attachment":[{"href":"https:\/\/zpe.uni-siegen.de\/teilhabekongress2026\/wp-json\/wp\/v2\/media?parent=220"}],"curies":[{"name":"wp","href":"https:\/\/api.w.org\/{rel}","templated":true}]}}