 
{"id":52,"date":"2023-06-20T12:02:19","date_gmt":"2023-06-20T10:02:19","guid":{"rendered":"https:\/\/zpe.uni-siegen.de\/social-entrepreneurship\/?page_id=52"},"modified":"2024-07-29T13:26:43","modified_gmt":"2024-07-29T11:26:43","slug":"impressum","status":"publish","type":"page","link":"https:\/\/zpe.uni-siegen.de\/social-entrepreneurship\/impressum\/","title":{"rendered":"Impressum"},"content":{"rendered":"\n<p>Universit\u00e4t Siegen<br>Zentrum f\u00fcr Planung und Entwicklung Sozialer Dienste<br>H\u00f6lderlinstr. 3<br>57076 Siegen<\/p>\n\n\n\n<p>E-Mail: webmaster@zpe.uni-siegen.de<br>Telefon: +49 (0) 271 \/ 740 &#8211; 2228 (Gesch\u00e4ftsstelle, Heike Kr\u00fctt)<br>Prof. Dr. Johannes Sch\u00e4dler<\/p>\n\n\n\n<p>Die Universit\u00e4t Siegen ist eine vom Land Nordrhein-Westfalen getragene, rechtsf\u00e4hige K\u00f6rperschaft des \u00f6ffentlichen Rechts. Sie wird vertreten durch die <a href=\"https:\/\/www.uni-siegen.de\/start\/die_universitaet\/organisation\/rektorat\/?lang=de#rektor\">Rektorin<\/a> Univ.-Prof. Dr. Stefanie Reese.<\/p>\n\n\n\n<h2 class=\"wp-block-heading\" id=\"zustandige-aufsichtsbehorde\">Zust\u00e4ndige Aufsichtsbeh\u00f6rde<\/h2>\n\n\n\n<p>Ministerium f\u00fcr Kultur und Wissenschaft des Landes Nordrhein-Westfalen.<br>Umsatzsteuer-Identifikationsnummer gem\u00e4\u00df \u00a7 27 a Umsatzsteuergesetz:<br>DE 154854171.<\/p>\n\n\n\n<h2 class=\"wp-block-heading\" id=\"redaktionell-verantwortlich\">Redaktionell verantwortlich<\/h2>\n\n\n\n<p>gem\u00e4\u00df \u00a7 5 des Telemediengesetzes und \u00a7 55 Absatz 2 des Rundfunkstaatsvertrages:<\/p>\n\n\n\n<p>Zentrum f\u00fcr Planung und Entwicklung Sozialer Dienste<br>Universit\u00e4t Siegen<br>H\u00f6lderlinstra\u00dfe 3<br>57076 Siegen<br>E-Mail: webmaster@zpe.uni-siegen.de<\/p>\n\n\n\n<p>Telefon: +49 271 \/ 740 &#8211; 2228 (Gesch\u00e4ftsstelle, Heike Kr\u00fctt)<br>Prof. Dr. Johannes Sch\u00e4dler<\/p>\n\n\n\n<h2 class=\"wp-block-heading\" id=\"copyright\">Copyright<\/h2>\n\n\n\n<p>Die Urheber- und Nutzungsrechte (Copyright) f\u00fcr Texte, Grafiken, Bilder, Design und Quellcode liegen bei der Universit\u00e4t Siegen. Die Erstellung, Verwendung und Weitergabe von Kopien in elektronischer oder ausgedruckter Form bedarf der Genehmigung.<\/p>\n","protected":false},"excerpt":{"rendered":"<p>Universit\u00e4t SiegenZentrum f\u00fcr Planung und Entwicklung Sozialer DiensteH\u00f6lderlinstr. 357076 Siegen E-Mail: webmaster@zpe.uni-siegen.deTelefon: +49 (0) 271 \/ 740 &#8211; 2228 (Gesch\u00e4ftsstelle, Heike Kr\u00fctt)Prof. Dr. Johannes Sch\u00e4dler Die Universit\u00e4t Siegen ist eine vom Land Nordrhein-Westfalen getragene, rechtsf\u00e4hige K\u00f6rperschaft des \u00f6ffentlichen Rechts. Sie wird vertreten durch die Rektorin Univ.-Prof. Dr. Stefanie Reese. Zust\u00e4ndige Aufsichtsbeh\u00f6rde Ministerium f\u00fcr Kultur und [&hellip;]<\/p>\n","protected":false},"author":1,"featured_media":0,"parent":0,"menu_order":0,"comment_status":"closed","ping_status":"closed","template":"","meta":{"footnotes":""},"class_list":["post-52","page","type-page","status-publish","hentry","post"],"_links":{"self":[{"href":"https:\/\/zpe.uni-siegen.de\/social-entrepreneurship\/wp-json\/wp\/v2\/pages\/52","targetHints":{"allow":["GET"]}}],"collection":[{"href":"https:\/\/zpe.uni-siegen.de\/social-entrepreneurship\/wp-json\/wp\/v2\/pages"}],"about":[{"href":"https:\/\/zpe.uni-siegen.de\/social-entrepreneurship\/wp-json\/wp\/v2\/types\/page"}],"author":[{"embeddable":true,"href":"https:\/\/zpe.uni-siegen.de\/social-entrepreneurship\/wp-json\/wp\/v2\/users\/1"}],"replies":[{"embeddable":true,"href":"https:\/\/zpe.uni-siegen.de\/social-entrepreneurship\/wp-json\/wp\/v2\/comments?post=52"}],"version-history":[{"count":4,"href":"https:\/\/zpe.uni-siegen.de\/social-entrepreneurship\/wp-json\/wp\/v2\/pages\/52\/revisions"}],"predecessor-version":[{"id":194,"href":"https:\/\/zpe.uni-siegen.de\/social-entrepreneurship\/wp-json\/wp\/v2\/pages\/52\/revisions\/194"}],"wp:attachment":[{"href":"https:\/\/zpe.uni-siegen.de\/social-entrepreneurship\/wp-json\/wp\/v2\/media?parent=52"}],"curies":[{"name":"wp","href":"https:\/\/api.w.org\/{rel}","templated":true}]}}