 
{"id":4,"date":"2023-06-20T11:18:20","date_gmt":"2023-06-20T09:18:20","guid":{"rendered":"https:\/\/zpe.uni-siegen.de\/social-entrepreneurship\/?page_id=4"},"modified":"2024-09-20T08:31:29","modified_gmt":"2024-09-20T06:31:29","slug":"startseite","status":"publish","type":"page","link":"https:\/\/zpe.uni-siegen.de\/social-entrepreneurship\/","title":{"rendered":"Startseite"},"content":{"rendered":"\n<p>Das Projekt \u201eSocial Entrepreneurship\u201c ist Teil eines gr\u00f6\u00dfer angelegten Vorhabens der Universit\u00e4t Siegen unter dem Titel \u201eEnableUS\u201c, das den Wissenstransfer zwischen Hochschule und regionaler \u00d6konomie unterst\u00fctzen m\u00f6chte. Das Gesamtprojekt EnableUS wird vom Wirtschaftsministerium des Landes Nordrhein-Westfalen gef\u00f6rdert. Konkrete Zielsetzung ist es, die Entwicklung von innovativen Unternehmensideen durch Studierende und andere Hochschulangeh\u00f6rige gezielt zu f\u00f6rdern und Gr\u00fcndungsinitiativen aus der Hochschule heraus durch Beratung und Coaching in ihrer Entwicklung zu begleiten.<\/p>\n\n\n\n<p>In diesem Rahmen arbeitet das Teilprojekt \u201eSocial Entrepreneurship\u201c (Laufzeit 2022 \u2013 2024) an der Entwicklung und Erprobung innovativer Lehr-Lern-Konzepte im Bereich des Sozialwesens, die sich mit der Umsetzung von Innovationen im Sozialbereich befassen. Im Vordergrund stehen dabei Themen der Gr\u00fcndung von neuen Sozialunternehmen verschiedenster Art (Social Entrepreneurship) sowie Themen der unternehmerischen Gestaltung von Innovationsvorhaben in bestehenden Sozialunternehmen (Social Intrapreneurship). Die Lehr-Lern-Materialien sollen fachliche, managementbezogene und strukturelle Elemente enthalten und sollen eine didaktisch-methodische Basis f\u00fcr ein regelhaftes Lehrangebot bieten.<\/p>\n","protected":false},"excerpt":{"rendered":"<p>Das Projekt \u201eSocial Entrepreneurship\u201c ist Teil eines gr\u00f6\u00dfer angelegten Vorhabens der Universit\u00e4t Siegen unter dem Titel \u201eEnableUS\u201c, das den Wissenstransfer zwischen Hochschule und regionaler \u00d6konomie unterst\u00fctzen m\u00f6chte. Das Gesamtprojekt EnableUS wird vom Wirtschaftsministerium des Landes Nordrhein-Westfalen gef\u00f6rdert. Konkrete Zielsetzung ist es, die Entwicklung von innovativen Unternehmensideen durch Studierende und andere Hochschulangeh\u00f6rige gezielt zu f\u00f6rdern und [&hellip;]<\/p>\n","protected":false},"author":26,"featured_media":0,"parent":0,"menu_order":0,"comment_status":"closed","ping_status":"closed","template":"","meta":{"footnotes":""},"class_list":["post-4","page","type-page","status-publish","hentry","post"],"_links":{"self":[{"href":"https:\/\/zpe.uni-siegen.de\/social-entrepreneurship\/wp-json\/wp\/v2\/pages\/4","targetHints":{"allow":["GET"]}}],"collection":[{"href":"https:\/\/zpe.uni-siegen.de\/social-entrepreneurship\/wp-json\/wp\/v2\/pages"}],"about":[{"href":"https:\/\/zpe.uni-siegen.de\/social-entrepreneurship\/wp-json\/wp\/v2\/types\/page"}],"author":[{"embeddable":true,"href":"https:\/\/zpe.uni-siegen.de\/social-entrepreneurship\/wp-json\/wp\/v2\/users\/26"}],"replies":[{"embeddable":true,"href":"https:\/\/zpe.uni-siegen.de\/social-entrepreneurship\/wp-json\/wp\/v2\/comments?post=4"}],"version-history":[{"count":1,"href":"https:\/\/zpe.uni-siegen.de\/social-entrepreneurship\/wp-json\/wp\/v2\/pages\/4\/revisions"}],"predecessor-version":[{"id":6,"href":"https:\/\/zpe.uni-siegen.de\/social-entrepreneurship\/wp-json\/wp\/v2\/pages\/4\/revisions\/6"}],"wp:attachment":[{"href":"https:\/\/zpe.uni-siegen.de\/social-entrepreneurship\/wp-json\/wp\/v2\/media?parent=4"}],"curies":[{"name":"wp","href":"https:\/\/api.w.org\/{rel}","templated":true}]}}