 
{"id":27,"date":"2023-06-20T11:38:28","date_gmt":"2023-06-20T09:38:28","guid":{"rendered":"https:\/\/zpe.uni-siegen.de\/social-entrepreneurship\/?page_id=27"},"modified":"2026-03-31T15:14:44","modified_gmt":"2026-03-31T13:14:44","slug":"publikationen","status":"publish","type":"page","link":"https:\/\/zpe.uni-siegen.de\/social-entrepreneurship\/publikationen\/","title":{"rendered":"Publikationen"},"content":{"rendered":"\n<h3 class=\"wp-block-heading\">Regionalstudie zum Sozialsektor im Kreis Siegen\u2011Wittgenstein erschienen<\/h3>\n\n\n\n<p>Die aktuelle Regionalstudie zum Sozialsektor im Kreis Siegen-Wittgenstein ist im Rahmen des ZPE-Projekts zu Social Entrepreneurship und Innovation in sozialen Diensten entstanden. Auf Basis von Desktop-Recherchen und empirischen Befragungen von Leitungskr\u00e4ften wird dargestellt, wie sich die soziale Infrastruktur des Kreises insgesamt sowie in den einzelnen Feldern des Sozialsektors im Zeitverlauf entwickelt hat. Zudem werden die aktuellen Herausforderungen beschrieben und Perspektiven f\u00fcr innovatives Handeln aufgezeigt.<\/p>\n\n\n\n<p>Die Studie pr\u00e4sentiert konkrete Daten zur wirtschaftlichen Bedeutung des Sektors, insbesondere zu Umsatzvolumen und Besch\u00e4ftigungsanteilen. Dar\u00fcber hinaus werden Ergebnisse zu Tr\u00e4gerstrukturen, Problemprofilen und zum Selbstverst\u00e4ndnis freigemeinn\u00fctziger und privatgewerblicher Anbieter sozialer Dienste vorgestellt.<\/p>\n\n\n\n<p>Deutlich wird, dass sich im Kreis Siegen-Wittgenstein die f\u00fcr die deutsche Entwicklung des Sozialwesens typischen Merkmale wiederfinden \u2013 allerdings in einer durch lokale Besonderheiten gepr\u00e4gten Form. Dokumentiert wird, wie sich der bundesweite Ausbau sozialer Dienste in der ausgew\u00e4hlten Kommune konkretisiert und welchen Einfluss strukturelle Ver\u00e4nderungen in der Tr\u00e4gerlandschaft auf das Selbstverst\u00e4ndnis von Leitungskr\u00e4ften aller betrieblichen Ebenen haben. Damit erh\u00e4lt die Untersuchung \u00fcber die regionale Bestandsaufnahme hinaus den Charakter einer exemplarischen Fallstudie, deren Ergebnisse zum wohlfahrtsstaatlichen Fachdiskurs beitragen sollen. Bezug genommen wird insbesondere auf die Diskurslinien zu \u00d6konomisierung, Hybridisierung, Professionalisierung und Innovation sozialer Dienste.<\/p>\n\n\n\n<p>Die Studie ist verf\u00fcgbar unter folgendem Link:<br><a href=\"https:\/\/dspace.ub.uni-siegen.de\/entities\/publication\/9b8919a7-5e7a-4271-9093-9447e07e1ed2\">https:\/\/dspace.ub.uni-siegen.de\/entities\/publication\/9b8919a7-5e7a-4271-9093-9447e07e1ed2<\/a> sowie unter folgender DOI: <a href=\"https:\/\/doi.org\/10.25819\/ubsi\/10883\" target=\"_blank\" rel=\"noreferrer noopener\">10.25819\/ubsi\/10883<\/a><\/p>\n\n\n\n<hr class=\"wp-block-separator has-alpha-channel-opacity\"\/>\n\n\n\n<h3 class=\"wp-block-heading\">Projektpapier 1<\/h3>\n\n\n\n<p>Sch\u00e4dler, J., &amp; Liekmeier, F. (2023). <em>Social Entrepreneurship und Intrapreneurship \u2013 Konzeptionelle \u00dcberlegungen zum curricularen Potential f\u00fcr die Studieng\u00e4nge der Sozialen Arbeit<\/em>. <a href=\"https:\/\/zpe.uni-siegen.de\/social-entrepreneurship\/wp-content\/uploads\/sites\/4\/2023\/06\/Social-Entrepreneurship-und-Studiengaenge-Soz-Arb-11-06-23.pdf\">https:\/\/zpe.uni-siegen.de\/social-entrepreneurship\/wp-content\/uploads\/sites\/4\/2023\/06\/Social-Entrepreneurship-und-Studiengaenge-Soz-Arb-11-06-23.pdf<\/a><\/p>\n\n\n\n<h3 class=\"wp-block-heading\">Projektpapier 2<\/h3>\n\n\n\n<p>Sch\u00e4dler, J.; Jakobs, R.; Meisner, K. &amp; Wilden, N. (2024) &nbsp;<em>Anbieterstrukturen und Rechtsformen Sozialer Dienste im Kreis Siegen-Wittgenstein &#8211; Ergebnisse einer Strukturanalyse<\/em>. <a href=\"https:\/\/zpe.uni-siegen.de\/social-entrepreneurship\/wp-content\/uploads\/sites\/4\/2024\/05\/Forschungsbericht-Strukturanalyse.pdf\" data-type=\"link\" data-id=\"https:\/\/zpe.uni-siegen.de\/social-entrepreneurship\/wp-content\/uploads\/sites\/4\/2024\/05\/Forschungsbericht-Strukturanalyse.pdf\">https:\/\/zpe.uni-siegen.de\/social-entrepreneurship\/wp-content\/uploads\/sites\/4\/2024\/05\/Forschungsbericht-Strukturanalyse.pdf<\/a><\/p>\n\n\n\n<h3 class=\"wp-block-heading\">Projektpapier 3<\/h3>\n\n\n\n<p>Meisner, K.; Sch\u00e4dler, J.; Jakobs, R.; Liekmeier, F. &amp; Wilden, N. (2024) <em>Soziale Dienste und Innovation im Kreis Siegen-Wittgenstein &#8211;&nbsp; Ergebnisse einer empirischen Befragung von Leitungskr\u00e4ften<\/em>. <a href=\"https:\/\/zpe.uni-siegen.de\/social-entrepreneurship\/wp-content\/uploads\/sites\/4\/2024\/05\/Forschungsbericht-Leitungskraeftebefragung.pdf\" data-type=\"link\" data-id=\"https:\/\/zpe.uni-siegen.de\/social-entrepreneurship\/wp-content\/uploads\/sites\/4\/2024\/05\/Forschungsbericht-Leitungskraeftebefragung.pdf\">https:\/\/zpe.uni-siegen.de\/social-entrepreneurship\/wp-content\/uploads\/sites\/4\/2024\/05\/Forschungsbericht-Leitungskraeftebefragung.pdf<\/a><\/p>\n","protected":false},"excerpt":{"rendered":"<p>Regionalstudie zum Sozialsektor im Kreis Siegen\u2011Wittgenstein erschienen Die aktuelle Regionalstudie zum Sozialsektor im Kreis Siegen-Wittgenstein ist im Rahmen des ZPE-Projekts zu Social Entrepreneurship und Innovation in sozialen Diensten entstanden. Auf Basis von Desktop-Recherchen und empirischen Befragungen von Leitungskr\u00e4ften wird dargestellt, wie sich die soziale Infrastruktur des Kreises insgesamt sowie in den einzelnen Feldern des Sozialsektors [&hellip;]<\/p>\n","protected":false},"author":26,"featured_media":0,"parent":0,"menu_order":0,"comment_status":"closed","ping_status":"closed","template":"","meta":{"footnotes":""},"class_list":["post-27","page","type-page","status-publish","hentry","post"],"_links":{"self":[{"href":"https:\/\/zpe.uni-siegen.de\/social-entrepreneurship\/wp-json\/wp\/v2\/pages\/27","targetHints":{"allow":["GET"]}}],"collection":[{"href":"https:\/\/zpe.uni-siegen.de\/social-entrepreneurship\/wp-json\/wp\/v2\/pages"}],"about":[{"href":"https:\/\/zpe.uni-siegen.de\/social-entrepreneurship\/wp-json\/wp\/v2\/types\/page"}],"author":[{"embeddable":true,"href":"https:\/\/zpe.uni-siegen.de\/social-entrepreneurship\/wp-json\/wp\/v2\/users\/26"}],"replies":[{"embeddable":true,"href":"https:\/\/zpe.uni-siegen.de\/social-entrepreneurship\/wp-json\/wp\/v2\/comments?post=27"}],"version-history":[{"count":4,"href":"https:\/\/zpe.uni-siegen.de\/social-entrepreneurship\/wp-json\/wp\/v2\/pages\/27\/revisions"}],"predecessor-version":[{"id":292,"href":"https:\/\/zpe.uni-siegen.de\/social-entrepreneurship\/wp-json\/wp\/v2\/pages\/27\/revisions\/292"}],"wp:attachment":[{"href":"https:\/\/zpe.uni-siegen.de\/social-entrepreneurship\/wp-json\/wp\/v2\/media?parent=27"}],"curies":[{"name":"wp","href":"https:\/\/api.w.org\/{rel}","templated":true}]}}