 
{"id":25,"date":"2023-06-20T11:38:04","date_gmt":"2023-06-20T09:38:04","guid":{"rendered":"https:\/\/zpe.uni-siegen.de\/social-entrepreneurship\/?page_id=25"},"modified":"2024-09-20T08:14:51","modified_gmt":"2024-09-20T06:14:51","slug":"inhalte","status":"publish","type":"page","link":"https:\/\/zpe.uni-siegen.de\/social-entrepreneurship\/inhalte\/","title":{"rendered":"Inhalte"},"content":{"rendered":"\n<p>Das Projekt \u201eSocial Entrepreneurship und Innovation in Sozialen Diensten\u201c weist die Schwerpunkte \u201aLehre\u2018 und \u201aForschung\u2018 auf. In Bezug auf die Lehre geht es um die&nbsp; Entwicklung und Erprobung innovativer Lehr-Lern-Konzepte im Bereich des Sozialwesens, die sich mit der Umsetzung von Innovationen im Sozialbereich befassen. Im Vordergrund stehen dabei Themen der Gemeinwohlorientierung im Dritten Sektor, Aspekte der Gr\u00fcndung von neuen Sozialunternehmen verschiedenster Art (Social Entrepreneurship) sowie Themen der unternehmerischen Gestaltung von Innovationsvorhaben in bestehenden Sozialunternehmen (Social Intrapreneurship). Die Lehr-Lern-Materialien beziehen sich auf fachliche, managementbezogene und strukturelle Elemente und sollen eine didaktisch-methodische Basis f\u00fcr ein regelhaftes Lehrangebot bieten.<\/p>\n\n\n\n<p>Im Forschungsteil des Projekt eine empirische Untersuchungen im Kreis Siegen-Wittgenstein durchgef\u00fchrt, in denen&nbsp; Daten zu Stand und Entwicklung von Rechtsformen, Tr\u00e4gerstruktur und Organisationstypus sozialer Unternehmen im Sozialbereich erhoben und ausgewertet werden. Es interessiert, wie insbesondere die Leitungskr\u00e4fte ihre Situation, den Modernisierungsbedarf und die Innovationskraft ihrer Organisation und deren Feldumgebung einsch\u00e4tzen und welche Entwicklungen sie im Zeitverlauf wahrgenommen haben. Ausgew\u00e4hlte Felder der Sozialen Arbeit, wie z.B. die Kindertagesbetreuung oder die rechtliche Betreuung, in denen erst bei genauerer Betrachtung eine Social Entrepreneurship-Dynamik deutlich wird, werden dabei genauer untersucht.<\/p>\n\n\n\n<p>Die&nbsp; Ergebnisse sollen im Rahmen verschiedener Formate mit Akteuren in der Region intensiv beraten werden. Zudem werden die Ergebnisse zur Sozialwirtschaft in Siegen-Wittgenstein&nbsp; im Rahmen von European Round Tables vorgestellt und mit anderen europ\u00e4ischen Regionen verglichen.<\/p>\n","protected":false},"excerpt":{"rendered":"<p>Das Projekt \u201eSocial Entrepreneurship und Innovation in Sozialen Diensten\u201c weist die Schwerpunkte \u201aLehre\u2018 und \u201aForschung\u2018 auf. In Bezug auf die Lehre geht es um die&nbsp; Entwicklung und Erprobung innovativer Lehr-Lern-Konzepte im Bereich des Sozialwesens, die sich mit der Umsetzung von Innovationen im Sozialbereich befassen. Im Vordergrund stehen dabei Themen der Gemeinwohlorientierung im Dritten Sektor, Aspekte [&hellip;]<\/p>\n","protected":false},"author":26,"featured_media":0,"parent":0,"menu_order":0,"comment_status":"closed","ping_status":"closed","template":"","meta":{"footnotes":""},"class_list":["post-25","page","type-page","status-publish","hentry","post"],"_links":{"self":[{"href":"https:\/\/zpe.uni-siegen.de\/social-entrepreneurship\/wp-json\/wp\/v2\/pages\/25","targetHints":{"allow":["GET"]}}],"collection":[{"href":"https:\/\/zpe.uni-siegen.de\/social-entrepreneurship\/wp-json\/wp\/v2\/pages"}],"about":[{"href":"https:\/\/zpe.uni-siegen.de\/social-entrepreneurship\/wp-json\/wp\/v2\/types\/page"}],"author":[{"embeddable":true,"href":"https:\/\/zpe.uni-siegen.de\/social-entrepreneurship\/wp-json\/wp\/v2\/users\/26"}],"replies":[{"embeddable":true,"href":"https:\/\/zpe.uni-siegen.de\/social-entrepreneurship\/wp-json\/wp\/v2\/comments?post=25"}],"version-history":[{"count":2,"href":"https:\/\/zpe.uni-siegen.de\/social-entrepreneurship\/wp-json\/wp\/v2\/pages\/25\/revisions"}],"predecessor-version":[{"id":266,"href":"https:\/\/zpe.uni-siegen.de\/social-entrepreneurship\/wp-json\/wp\/v2\/pages\/25\/revisions\/266"}],"wp:attachment":[{"href":"https:\/\/zpe.uni-siegen.de\/social-entrepreneurship\/wp-json\/wp\/v2\/media?parent=25"}],"curies":[{"name":"wp","href":"https:\/\/api.w.org\/{rel}","templated":true}]}}