 
{"id":105,"date":"2023-08-28T13:55:42","date_gmt":"2023-08-28T11:55:42","guid":{"rendered":"https:\/\/zpe.uni-siegen.de\/social-entrepreneurship\/?page_id=105"},"modified":"2023-08-28T13:56:00","modified_gmt":"2023-08-28T11:56:00","slug":"imprint","status":"publish","type":"page","link":"https:\/\/zpe.uni-siegen.de\/social-entrepreneurship\/en\/imprint\/","title":{"rendered":"Imprint"},"content":{"rendered":"\n<p>University of Siegen<br>Zentrum f\u00fcr Planung und Entwicklung Sozialer Dienste<br>H\u00f6lderlinstr. 3<br>57076 Siegen<\/p>\n\n\n\n<p>E-Mail: webmaster@zpe.uni-siegen.de<br>Tel.: +49 (0) 271 \/ 740 &#8211; 2228 (Gesch\u00e4ftsstelle, Heike Kr\u00fctt)<br>Prof. Dr. Johannes Sch\u00e4dler<\/p>\n\n\n\n<p>The University of Siegen is a public corporation with legal capacity funded by the state of North Rhine-Westphalia. It is represented by the Rector, Univ. Prof. Dr. Holger Burckhart.<\/p>\n\n\n\n<h2 class=\"wp-block-heading\" id=\"zustandige-aufsichtsbehorde\">Competent supervisory authority<\/h2>\n\n\n\n<p>Ministry of Culture and Science of the State of North Rhine-Westphalia.<br>Sales tax identification number according to \u00a7 27 a Umsatzsteuergesetz:<br>DE 154854171.<\/p>\n\n\n\n<h2 class=\"wp-block-heading\" id=\"redaktionell-verantwortlich\">Editorially responsible<\/h2>\n\n\n\n<p>according to \u00a7 5 of the Telemedia Act and \u00a7 55 paragraph 2 of the Interstate Broadcasting Treaty:<\/p>\n\n\n\n<p>Zentrum f\u00fcr Planung und Entwicklung Sozialer Dienste<br>University of Siegen<br>H\u00f6lderlinstra\u00dfe 3<br>57076 Siegen<br>E-Mail: webmaster@zpe.uni-siegen.de<\/p>\n\n\n\n<p>Tel.: +49 271 \/ 740 &#8211; 2228 (Gesch\u00e4ftsstelle, Heike Kr\u00fctt)<br>Prof. Dr. Johannes Sch\u00e4dler<\/p>\n\n\n\n<h2 class=\"wp-block-heading\" id=\"copyright\">Copyright<\/h2>\n\n\n\n<p>The copyright for texts, graphics, images, design and source code is held by the University of Siegen. Permission is required for the creation, use and distribution of copies in electronic or printed form.<\/p>\n","protected":false},"excerpt":{"rendered":"<p>University of SiegenZentrum f\u00fcr Planung und Entwicklung Sozialer DiensteH\u00f6lderlinstr. 357076 Siegen E-Mail: webmaster@zpe.uni-siegen.deTel.: +49 (0) 271 \/ 740 &#8211; 2228 (Gesch\u00e4ftsstelle, Heike Kr\u00fctt)Prof. Dr. Johannes Sch\u00e4dler The University of Siegen is a public corporation with legal capacity funded by the state of North Rhine-Westphalia. It is represented by the Rector, Univ. Prof. Dr. Holger Burckhart. [&hellip;]<\/p>\n","protected":false},"author":14,"featured_media":0,"parent":0,"menu_order":0,"comment_status":"closed","ping_status":"closed","template":"","meta":{"footnotes":""},"class_list":["post-105","page","type-page","status-publish","hentry","post"],"_links":{"self":[{"href":"https:\/\/zpe.uni-siegen.de\/social-entrepreneurship\/wp-json\/wp\/v2\/pages\/105","targetHints":{"allow":["GET"]}}],"collection":[{"href":"https:\/\/zpe.uni-siegen.de\/social-entrepreneurship\/wp-json\/wp\/v2\/pages"}],"about":[{"href":"https:\/\/zpe.uni-siegen.de\/social-entrepreneurship\/wp-json\/wp\/v2\/types\/page"}],"author":[{"embeddable":true,"href":"https:\/\/zpe.uni-siegen.de\/social-entrepreneurship\/wp-json\/wp\/v2\/users\/14"}],"replies":[{"embeddable":true,"href":"https:\/\/zpe.uni-siegen.de\/social-entrepreneurship\/wp-json\/wp\/v2\/comments?post=105"}],"version-history":[{"count":1,"href":"https:\/\/zpe.uni-siegen.de\/social-entrepreneurship\/wp-json\/wp\/v2\/pages\/105\/revisions"}],"predecessor-version":[{"id":106,"href":"https:\/\/zpe.uni-siegen.de\/social-entrepreneurship\/wp-json\/wp\/v2\/pages\/105\/revisions\/106"}],"wp:attachment":[{"href":"https:\/\/zpe.uni-siegen.de\/social-entrepreneurship\/wp-json\/wp\/v2\/media?parent=105"}],"curies":[{"name":"wp","href":"https:\/\/api.w.org\/{rel}","templated":true}]}}