 
{"id":459,"date":"2025-02-18T13:59:05","date_gmt":"2025-02-18T12:59:05","guid":{"rendered":"https:\/\/zpe.uni-siegen.de\/inklusionsforschung\/?page_id=459"},"modified":"2025-02-19T11:50:44","modified_gmt":"2025-02-19T10:50:44","slug":"kontakt","status":"publish","type":"page","link":"https:\/\/zpe.uni-siegen.de\/inklusionsforschung\/kontakt\/","title":{"rendered":"Kontakt"},"content":{"rendered":"<p>Per E-Mail: <a href=\"mailto:inklusionsforschung@uni-siegen.de\">inklusionsforschung@uni-siegen.de<\/a><\/p>\n<p>Telefon: 0271 740-2228 (Heike Kr\u00fctt)<\/p>\n\n\n<div style=\"height:313px\" aria-hidden=\"true\" class=\"wp-block-spacer\"><\/div>\n\n\n\n<p>Das \u00f6rtliche Vorbereitungsteam besteht aus <a href=\"https:\/\/www.kunst-uni-siegen.de\/a-prof-eckes-magdalena\/\">Magdalena Eckes<\/a>, <a href=\"https:\/\/www.bildung.uni-siegen.de\/berufspaedagogik\/home\/bk\/gericke\/?lang=e\">Erika Gericke<\/a>, <a href=\"https:\/\/www.bildung.uni-siegen.de\/mitarbeiter\/hopmann\/\">Benedikt Hopmann<\/a>, <a href=\"https:\/\/zpe.uni-siegen.de\/ueber-uns\/mitglieder\/heike-kruett\/\">Heike Kr\u00fctt<\/a>, <a href=\"https:\/\/zpe.uni-siegen.de\/ueber-uns\/mitglieder\/drin-phil-birgit-papke\/\">Birgit Papke<\/a>, <a href=\"https:\/\/zpe.uni-siegen.de\/ueber-uns\/mitglieder\/prof-dr-albrecht-rohrmann\/\">Albrecht Rohrmann<\/a>, <a href=\"https:\/\/www.bildung.uni-siegen.de\/mitarbeiter\/roos\/team\/roos\/?lang=de\">Stefanie Roos<\/a>, <a href=\"https:\/\/www.bildung.uni-siegen.de\/allgemeine_paedagogik\/mitarbeiter\/weiss\/\">Gabriele Wei\u00df<\/a><\/p>\n","protected":false},"excerpt":{"rendered":"<p>Per E-Mail: inklusionsforschung@uni-siegen.de Telefon: 0271 740-2228 (Heike Kr\u00fctt) Das \u00f6rtliche Vorbereitungsteam besteht aus Magdalena Eckes, Erika Gericke, Benedikt Hopmann, Heike Kr\u00fctt, Birgit Papke, Albrecht Rohrmann, Stefanie Roos, Gabriele Wei\u00df<\/p>\n","protected":false},"author":12,"featured_media":0,"parent":0,"menu_order":0,"comment_status":"closed","ping_status":"closed","template":"","meta":{"footnotes":""},"class_list":["post-459","page","type-page","status-publish","hentry","post"],"_links":{"self":[{"href":"https:\/\/zpe.uni-siegen.de\/inklusionsforschung\/wp-json\/wp\/v2\/pages\/459","targetHints":{"allow":["GET"]}}],"collection":[{"href":"https:\/\/zpe.uni-siegen.de\/inklusionsforschung\/wp-json\/wp\/v2\/pages"}],"about":[{"href":"https:\/\/zpe.uni-siegen.de\/inklusionsforschung\/wp-json\/wp\/v2\/types\/page"}],"author":[{"embeddable":true,"href":"https:\/\/zpe.uni-siegen.de\/inklusionsforschung\/wp-json\/wp\/v2\/users\/12"}],"replies":[{"embeddable":true,"href":"https:\/\/zpe.uni-siegen.de\/inklusionsforschung\/wp-json\/wp\/v2\/comments?post=459"}],"version-history":[{"count":5,"href":"https:\/\/zpe.uni-siegen.de\/inklusionsforschung\/wp-json\/wp\/v2\/pages\/459\/revisions"}],"predecessor-version":[{"id":513,"href":"https:\/\/zpe.uni-siegen.de\/inklusionsforschung\/wp-json\/wp\/v2\/pages\/459\/revisions\/513"}],"wp:attachment":[{"href":"https:\/\/zpe.uni-siegen.de\/inklusionsforschung\/wp-json\/wp\/v2\/media?parent=459"}],"curies":[{"name":"wp","href":"https:\/\/api.w.org\/{rel}","templated":true}]}}