 
{"id":364,"date":"2025-02-15T00:35:17","date_gmt":"2025-02-14T23:35:17","guid":{"rendered":"https:\/\/zpe.uni-siegen.de\/inklusionsforschung\/?page_id=364"},"modified":"2025-02-20T10:11:57","modified_gmt":"2025-02-20T09:11:57","slug":"uebernachtungsmoeglichkeiten","status":"publish","type":"page","link":"https:\/\/zpe.uni-siegen.de\/inklusionsforschung\/uebernachtungsmoeglichkeiten\/","title":{"rendered":"\u00dcbernachtungsm\u00f6glichkeiten"},"content":{"rendered":"\n<p>Wir haben in mehreren Hotels ein Zimmerkontingent f\u00fcr Sie reserviert. Bitte buchen Sie fr\u00fchzeitig und verwenden Sie dabei das Kennwort: <strong>Inklusionsforschung<\/strong><\/p>\n\n\n\n<p>Bitte beachten Sie, dass die Buchung, Bezahlung und eventuelle Stornierung direkt mit dem Hotel erfolgen muss. Wir k\u00f6nnen keine Garantie f\u00fcr die Verf\u00fcgbarkeit eines Zimmers \u00fcbernehmen und auch nicht die Kosten daf\u00fcr tragen. Wir empfehlen jedoch die Nutzung der folgenden reservierten Kontingente (Wir m\u00f6chten darauf hinweisen, dass es sich teilweise um Sonderpreise handelt, die nur bei der direkten Buchung beim Hotel Anwendung finden, nicht jedoch bei der Buchung \u00fcber andere Portale! Verwenden Sie daher am besten die genannte E-Mail-Adresse.):<\/p>\n\n\n\n<figure class=\"wp-block-table\" style=\"max-width: 100%; margin-left: 1cm;\">\n  <table class=\"has-fixed-layout\" style=\"width: auto; table-layout: auto; max-width: 100%; border-collapse: collapse;\">\n    <tbody>\n      <tr style=\"border-bottom: 2px solid #000;\">\n        <td style=\"border: none;\">Amedia Hotel Siegen<br>Koblenzer Str. 135, 57072 Siegen<br>Einzelzimmer 84 Euro \u00dc\/F<br><a href=\"http:\/\/www.amediahotels.com\/\">http:\/\/www.amediahotels.com\/<\/a><\/td><td style=\"border: none; width: 1cm;\"><\/td>\n        <td style=\"border: none;\">Telefon: 0271 400-3480<br>E-Mail: <a href=\"mailto:siegen@amediahotels.com\">siegen@amediahotels.com<\/a><br><br>Zum Veranstaltungsort: \u00d6PNV zw. 13 u. 17 Min.;<br>Taxi\/PKW ca. 6 Min.<\/td>\n      <\/tr>\n      <tr style=\"border-bottom: 2px solid #000;\">\n        <td style=\"border: none;\">Hotel garni B\u00fcrger<br>Marienborner Str. 134-136, 57074 Siegen<br>Einzelzimmer 92 &#8211; 99 Euro  \u00dc\/F<br><a href=\"https:\/\/www.hotel-buerger.de\/hotel\/\">https:\/\/www.hotel-buerger.de\/hotel\/<\/a><\/td><td style=\"border: none; width: 1cm;\"><\/td>\n        <td style=\"border: none;\">Telefon: 0271 3131659-0 <br>E-Mail: <a href=\"mailto:info@hotel-buerger.de\">info@hotel-buerger.de<\/a><br><br>Zum Veranstaltungsort: \u00d6PNV zw. 13 u. 17 Min.;<br>Taxi\/PKW ca. 4 Min.<\/td>\n      <\/tr>\n      <tr style=\"border-bottom: 2px solid #000;\">\n        <td style=\"border: none;\">Concorde Hotel Siegen<br>Kampenstr. 83, 57072 Siegen<br>Einzelzimmer 88 Euro \u00dc\/F<br><a href=\"https:\/\/www.concordehotel-siegen.de\/\">https:\/\/www.concordehotel-siegen.de\/<\/a><\/td><td style=\"border: none; width: 1cm;\"><\/td>\n        <td style=\"border: none;\">Telefon: 0271 50110<br>E-Mail: <a href=\"mailto:info@concordehotel-siegen.com\">info@concordehotel-siegen.com<\/a><br><br>Zum Veranstaltungsort: \u00d6PNV zw. 15 u. 17 Min.;<br>Taxi\/PKW ca. 6 Min.<\/td>\n      <\/tr>\n      <tr style=\"border-bottom: 2px solid #000;\">\n        <td style=\"border: none;\">Dorint Parkhotel Siegen<br>Patmosweg 60, 57078 Siegen<br>Einzelzimmer 89 Euro \u00dc\/F<br><a href=\"https:\/\/hotel-siegen.dorint.com\/de\/\">https:\/\/hotel-siegen.dorint.com\/de\/<\/a><\/td><td style=\"border: none; width: 1cm;\"><\/td>\n        <td style=\"border: none;\">Telefon: 0271 7700960<br>E-Mail: <a href=\"mailto:info@siegen.dorint.com\">info@siegen.dorint.com<\/a><br><br>Zum Veranstaltungsort: \u00d6PNV zw. 37 u. 51 Min.;<br>Taxi\/PKW ca. 15 Min.<\/td>\n      <\/tr>\n      <tr>\n        <td style=\"border: none;\">Hotel Siegboot<br>Eiserfelder Str. 230-232, 57080 Siegen<br>Einzelzimmer 88 &#8211; 108 \u00dc\/F<br><a href=\"https:\/\/www.hotel-siegboot.de\/de\/\">https:\/\/www.hotel-siegboot.de\/de\/<\/a><\/td><td style=\"border: none; width: 1cm;\"><\/td>\n        <td style=\"border: none;\">Telefon: 0271 359030<br>E-Mail: <a href=\"mailto:info@hotel-siegboot.de\">info@hotel-siegboot.de<\/a><br><br>Zum Veranstaltungsort: \u00d6PNV zw. 15 u. 21 Min.;<br>Taxi\/PKW ca. 10 Min.<\/td>\n      <tr style=\"border-bottom: 2px solid #000;\"> <\/tr>\n    <\/tbody>\n  <\/table>\n<\/figure>\n\n\n\n<p>\u00dcber die g\u00e4ngigen Portale lassen sich selbstverst\u00e4ndlich auch weitere Unterk\u00fcnfte finden.<\/p>\n","protected":false},"excerpt":{"rendered":"<p>Wir haben in mehreren Hotels ein Zimmerkontingent f\u00fcr Sie reserviert. Bitte buchen Sie fr\u00fchzeitig und verwenden Sie dabei das Kennwort: Inklusionsforschung Bitte beachten Sie, dass die Buchung, Bezahlung und eventuelle [&hellip;]<\/p>\n","protected":false},"author":12,"featured_media":0,"parent":0,"menu_order":0,"comment_status":"closed","ping_status":"closed","template":"","meta":{"footnotes":""},"class_list":["post-364","page","type-page","status-publish","hentry","post"],"_links":{"self":[{"href":"https:\/\/zpe.uni-siegen.de\/inklusionsforschung\/wp-json\/wp\/v2\/pages\/364","targetHints":{"allow":["GET"]}}],"collection":[{"href":"https:\/\/zpe.uni-siegen.de\/inklusionsforschung\/wp-json\/wp\/v2\/pages"}],"about":[{"href":"https:\/\/zpe.uni-siegen.de\/inklusionsforschung\/wp-json\/wp\/v2\/types\/page"}],"author":[{"embeddable":true,"href":"https:\/\/zpe.uni-siegen.de\/inklusionsforschung\/wp-json\/wp\/v2\/users\/12"}],"replies":[{"embeddable":true,"href":"https:\/\/zpe.uni-siegen.de\/inklusionsforschung\/wp-json\/wp\/v2\/comments?post=364"}],"version-history":[{"count":75,"href":"https:\/\/zpe.uni-siegen.de\/inklusionsforschung\/wp-json\/wp\/v2\/pages\/364\/revisions"}],"predecessor-version":[{"id":447,"href":"https:\/\/zpe.uni-siegen.de\/inklusionsforschung\/wp-json\/wp\/v2\/pages\/364\/revisions\/447"}],"wp:attachment":[{"href":"https:\/\/zpe.uni-siegen.de\/inklusionsforschung\/wp-json\/wp\/v2\/media?parent=364"}],"curies":[{"name":"wp","href":"https:\/\/api.w.org\/{rel}","templated":true}]}}